{"id":7588,"date":"2026-01-12T16:51:34","date_gmt":"2026-01-12T15:51:34","guid":{"rendered":"https:\/\/ingecid.com\/?page_id=7588"},"modified":"2026-01-12T16:58:26","modified_gmt":"2026-01-12T15:58:26","slug":"transparencia","status":"publish","type":"page","link":"https:\/\/ingecid.com\/es\/transparencia\/","title":{"rendered":"Transparencia"},"content":{"rendered":"<div class=\"fusion-fullwidth fullwidth-box fusion-builder-row-1 fusion-flex-container has-pattern-background has-mask-background nonhundred-percent-fullwidth non-hundred-percent-height-scrolling\" style=\"--awb-border-radius-top-left:0px;--awb-border-radius-top-right:0px;--awb-border-radius-bottom-right:0px;--awb-border-radius-bottom-left:0px;--awb-flex-wrap:wrap;\" ><div class=\"fusion-builder-row fusion-row fusion-flex-align-items-flex-start fusion-flex-content-wrap\" style=\"max-width:1456px;margin-left: calc(-4% \/ 2 );margin-right: calc(-4% \/ 2 );\"><div class=\"fusion-layout-column fusion_builder_column fusion-builder-column-0 fusion_builder_column_1_1 1_1 fusion-flex-column\" style=\"--awb-bg-size:cover;--awb-width-large:100%;--awb-spacing-right-large:1.92%;--awb-margin-bottom-large:20px;--awb-spacing-left-large:1.92%;--awb-width-medium:100%;--awb-order-medium:0;--awb-spacing-right-medium:1.92%;--awb-spacing-left-medium:1.92%;--awb-width-small:100%;--awb-order-small:0;--awb-spacing-right-small:1.92%;--awb-spacing-left-small:1.92%;\" data-scroll-devices=\"small-visibility,medium-visibility,large-visibility\"><div class=\"fusion-column-wrapper fusion-column-has-shadow fusion-flex-justify-content-flex-start fusion-content-layout-column\"><div class=\"fusion-text fusion-text-1\"><h1>Transparencia<\/h1>\n<\/div><div class=\"fusion-text fusion-text-2\"><p>En cumplimiento de la Ley 1\/2018, de 21 de marzo, de Transparencia de la Actividad P\u00fablica de Cantabria, INGECID SL hace p\u00fablicas las retribuciones anuales e indemnizaciones de los titulares de los \u00f3rganos de administraci\u00f3n o direcci\u00f3n.<\/p>\n<\/div><div ><a class=\"fusion-button button-flat fusion-button-default-size button-default fusion-button-default button-1 fusion-button-default-span fusion-button-default-type\" style=\"--button_margin-bottom:40px;\" target=\"_blank\" rel=\"noopener noreferrer\" href=\"https:\/\/ingecid.com\/wp-content\/uploads\/2026\/01\/Certificado-retribuciones-anuales-INGECID.pdf\"><span class=\"fusion-button-text awb-button__text awb-button__text--default\">Descarga del documento<\/span><\/a><\/div><div class=\"fusion-text fusion-text-3\"><p>De igual forma, INGECID adjunta informe de las ayudas y subvenciones percibidas, extra\u00eddo del Sistema Nacional de Publicidad de Subvenciones y Ayudas P\u00fablicas.<\/p>\n<\/div><div ><a class=\"fusion-button button-flat fusion-button-default-size button-default fusion-button-default button-2 fusion-button-default-span fusion-button-default-type\" target=\"_blank\" rel=\"noopener noreferrer\" href=\"https:\/\/ingecid.com\/wp-content\/uploads\/2026\/01\/listado-subvenciones-2025-INGECID.pdf\"><span class=\"fusion-button-text awb-button__text awb-button__text--default\">Descarga del documento<\/span><\/a><\/div><\/div><\/div><\/div><\/div>\n","protected":false},"excerpt":{"rendered":"","protected":false},"author":2,"featured_media":0,"parent":0,"menu_order":0,"comment_status":"closed","ping_status":"closed","template":"100-width.php","meta":{"_acf_changed":false,"footnotes":""},"class_list":["post-7588","page","type-page","status-publish","hentry"],"acf":[],"yoast_head":"<!-- This site is optimized with the Yoast SEO plugin v27.3 - https:\/\/yoast.com\/product\/yoast-seo-wordpress\/ -->\n<title>Transparencia - Ingecid<\/title>\n<meta name=\"robots\" content=\"index, follow, max-snippet:-1, max-image-preview:large, max-video-preview:-1\" \/>\n<link rel=\"canonical\" href=\"https:\/\/ingecid.com\/es\/transparencia\/\" \/>\n<meta property=\"og:locale\" content=\"es_ES\" \/>\n<meta property=\"og:type\" content=\"article\" \/>\n<meta property=\"og:title\" content=\"Transparencia - Ingecid\" \/>\n<meta property=\"og:url\" content=\"https:\/\/ingecid.com\/es\/transparencia\/\" \/>\n<meta property=\"og:site_name\" content=\"Ingecid\" \/>\n<meta property=\"article:modified_time\" content=\"2026-01-12T15:58:26+00:00\" \/>\n<meta property=\"og:image\" content=\"https:\/\/ingecid.com\/wp-content\/uploads\/2025\/06\/bg-feauted-image-ingecid.jpg\" \/>\n\t<meta property=\"og:image:width\" content=\"1024\" \/>\n\t<meta property=\"og:image:height\" content=\"576\" \/>\n\t<meta property=\"og:image:type\" content=\"image\/jpeg\" \/>\n<meta name=\"twitter:card\" content=\"summary_large_image\" \/>\n<meta name=\"twitter:label1\" content=\"Tiempo de lectura\" \/>\n\t<meta name=\"twitter:data1\" content=\"1 minuto\" \/>\n<script type=\"application\/ld+json\" class=\"yoast-schema-graph\">{\"@context\":\"https:\\\/\\\/schema.org\",\"@graph\":[{\"@type\":\"WebPage\",\"@id\":\"https:\\\/\\\/ingecid.com\\\/transparencia\\\/\",\"url\":\"https:\\\/\\\/ingecid.com\\\/transparencia\\\/\",\"name\":\"Transparencia - Ingecid\",\"isPartOf\":{\"@id\":\"https:\\\/\\\/ingecid.com\\\/#website\"},\"datePublished\":\"2026-01-12T15:51:34+00:00\",\"dateModified\":\"2026-01-12T15:58:26+00:00\",\"breadcrumb\":{\"@id\":\"https:\\\/\\\/ingecid.com\\\/transparencia\\\/#breadcrumb\"},\"inLanguage\":\"es\",\"potentialAction\":[{\"@type\":\"ReadAction\",\"target\":[\"https:\\\/\\\/ingecid.com\\\/transparencia\\\/\"]}]},{\"@type\":\"BreadcrumbList\",\"@id\":\"https:\\\/\\\/ingecid.com\\\/transparencia\\\/#breadcrumb\",\"itemListElement\":[{\"@type\":\"ListItem\",\"position\":1,\"name\":\"Portada\",\"item\":\"https:\\\/\\\/ingecid.com\\\/\"},{\"@type\":\"ListItem\",\"position\":2,\"name\":\"Transparencia\"}]},{\"@type\":\"WebSite\",\"@id\":\"https:\\\/\\\/ingecid.com\\\/#website\",\"url\":\"https:\\\/\\\/ingecid.com\\\/\",\"name\":\"Ingecid\",\"description\":\"Ingenier&iacute;a y Transformaci&oacute;n Digital para Infraestructuras\",\"publisher\":{\"@id\":\"https:\\\/\\\/ingecid.com\\\/#organization\"},\"alternateName\":\"Ingecid\",\"potentialAction\":[{\"@type\":\"SearchAction\",\"target\":{\"@type\":\"EntryPoint\",\"urlTemplate\":\"https:\\\/\\\/ingecid.com\\\/?s={search_term_string}\"},\"query-input\":{\"@type\":\"PropertyValueSpecification\",\"valueRequired\":true,\"valueName\":\"search_term_string\"}}],\"inLanguage\":\"es\"},{\"@type\":\"Organization\",\"@id\":\"https:\\\/\\\/ingecid.com\\\/#organization\",\"name\":\"Ingecid\",\"alternateName\":\"Ingecid | Ingenier\u00eda y Transformaci\u00f3n Digital para Infraestructuras\",\"url\":\"https:\\\/\\\/ingecid.com\\\/\",\"logo\":{\"@type\":\"ImageObject\",\"inLanguage\":\"es\",\"@id\":\"https:\\\/\\\/ingecid.com\\\/#\\\/schema\\\/logo\\\/image\\\/\",\"url\":\"https:\\\/\\\/ingecid.com\\\/wp-content\\\/uploads\\\/2025\\\/02\\\/Isotipo_SVG_Azul_Amarillo.svg\",\"contentUrl\":\"https:\\\/\\\/ingecid.com\\\/wp-content\\\/uploads\\\/2025\\\/02\\\/Isotipo_SVG_Azul_Amarillo.svg\",\"width\":207,\"height\":317,\"caption\":\"Ingecid\"},\"image\":{\"@id\":\"https:\\\/\\\/ingecid.com\\\/#\\\/schema\\\/logo\\\/image\\\/\"},\"sameAs\":[\"https:\\\/\\\/es.linkedin.com\\\/company\\\/ingecid\",\"https:\\\/\\\/www.youtube.com\\\/channel\\\/UC15XZLCFUDWQ8XtRntNk8sQ\"]}]}<\/script>\n<!-- \/ Yoast SEO plugin. -->","yoast_head_json":{"title":"Transparencia - Ingecid","robots":{"index":"index","follow":"follow","max-snippet":"max-snippet:-1","max-image-preview":"max-image-preview:large","max-video-preview":"max-video-preview:-1"},"canonical":"https:\/\/ingecid.com\/es\/transparencia\/","og_locale":"es_ES","og_type":"article","og_title":"Transparencia - Ingecid","og_url":"https:\/\/ingecid.com\/es\/transparencia\/","og_site_name":"Ingecid","article_modified_time":"2026-01-12T15:58:26+00:00","og_image":[{"width":1024,"height":576,"url":"https:\/\/ingecid.com\/wp-content\/uploads\/2025\/06\/bg-feauted-image-ingecid.jpg","type":"image\/jpeg"}],"twitter_card":"summary_large_image","twitter_misc":{"Tiempo de lectura":"1 minuto"},"schema":{"@context":"https:\/\/schema.org","@graph":[{"@type":"WebPage","@id":"https:\/\/ingecid.com\/transparencia\/","url":"https:\/\/ingecid.com\/transparencia\/","name":"Transparencia - Ingecid","isPartOf":{"@id":"https:\/\/ingecid.com\/#website"},"datePublished":"2026-01-12T15:51:34+00:00","dateModified":"2026-01-12T15:58:26+00:00","breadcrumb":{"@id":"https:\/\/ingecid.com\/transparencia\/#breadcrumb"},"inLanguage":"es","potentialAction":[{"@type":"ReadAction","target":["https:\/\/ingecid.com\/transparencia\/"]}]},{"@type":"BreadcrumbList","@id":"https:\/\/ingecid.com\/transparencia\/#breadcrumb","itemListElement":[{"@type":"ListItem","position":1,"name":"Portada","item":"https:\/\/ingecid.com\/"},{"@type":"ListItem","position":2,"name":"Transparencia"}]},{"@type":"WebSite","@id":"https:\/\/ingecid.com\/#website","url":"https:\/\/ingecid.com\/","name":"Ingecid","description":"Ingenier&iacute;a y Transformaci&oacute;n Digital para Infraestructuras","publisher":{"@id":"https:\/\/ingecid.com\/#organization"},"alternateName":"Ingecid","potentialAction":[{"@type":"SearchAction","target":{"@type":"EntryPoint","urlTemplate":"https:\/\/ingecid.com\/?s={search_term_string}"},"query-input":{"@type":"PropertyValueSpecification","valueRequired":true,"valueName":"search_term_string"}}],"inLanguage":"es"},{"@type":"Organization","@id":"https:\/\/ingecid.com\/#organization","name":"Ingecid","alternateName":"Ingecid | Ingenier\u00eda y Transformaci\u00f3n Digital para Infraestructuras","url":"https:\/\/ingecid.com\/","logo":{"@type":"ImageObject","inLanguage":"es","@id":"https:\/\/ingecid.com\/#\/schema\/logo\/image\/","url":"https:\/\/ingecid.com\/wp-content\/uploads\/2025\/02\/Isotipo_SVG_Azul_Amarillo.svg","contentUrl":"https:\/\/ingecid.com\/wp-content\/uploads\/2025\/02\/Isotipo_SVG_Azul_Amarillo.svg","width":207,"height":317,"caption":"Ingecid"},"image":{"@id":"https:\/\/ingecid.com\/#\/schema\/logo\/image\/"},"sameAs":["https:\/\/es.linkedin.com\/company\/ingecid","https:\/\/www.youtube.com\/channel\/UC15XZLCFUDWQ8XtRntNk8sQ"]}]}},"_links":{"self":[{"href":"https:\/\/ingecid.com\/es\/wp-json\/wp\/v2\/pages\/7588","targetHints":{"allow":["GET"]}}],"collection":[{"href":"https:\/\/ingecid.com\/es\/wp-json\/wp\/v2\/pages"}],"about":[{"href":"https:\/\/ingecid.com\/es\/wp-json\/wp\/v2\/types\/page"}],"author":[{"embeddable":true,"href":"https:\/\/ingecid.com\/es\/wp-json\/wp\/v2\/users\/2"}],"replies":[{"embeddable":true,"href":"https:\/\/ingecid.com\/es\/wp-json\/wp\/v2\/comments?post=7588"}],"version-history":[{"count":9,"href":"https:\/\/ingecid.com\/es\/wp-json\/wp\/v2\/pages\/7588\/revisions"}],"predecessor-version":[{"id":7608,"href":"https:\/\/ingecid.com\/es\/wp-json\/wp\/v2\/pages\/7588\/revisions\/7608"}],"wp:attachment":[{"href":"https:\/\/ingecid.com\/es\/wp-json\/wp\/v2\/media?parent=7588"}],"curies":[{"name":"wp","href":"https:\/\/api.w.org\/{rel}","templated":true}]}}