{"id":6456,"date":"2025-06-06T07:14:48","date_gmt":"2025-06-06T07:14:48","guid":{"rendered":"https:\/\/ingecid.com\/?page_id=6456"},"modified":"2025-12-12T10:16:57","modified_gmt":"2025-12-12T09:16:57","slug":"politica-del-sistema-de-gestion-integrado","status":"publish","type":"page","link":"https:\/\/ingecid.com\/es\/politica-del-sistema-de-gestion-integrado\/","title":{"rendered":"Pol\u00edtica del sistema de gesti\u00f3n integrado"},"content":{"rendered":"<p><div class=\"fusion-fullwidth fullwidth-box fusion-builder-row-1 fusion-flex-container nonhundred-percent-fullwidth non-hundred-percent-height-scrolling\" style=\"--awb-border-radius-top-left:0px;--awb-border-radius-top-right:0px;--awb-border-radius-bottom-right:0px;--awb-border-radius-bottom-left:0px;--awb-flex-wrap:wrap;\" ><div class=\"fusion-builder-row fusion-row fusion-flex-align-items-flex-start fusion-flex-content-wrap\" style=\"max-width:1456px;margin-left: calc(-4% \/ 2 );margin-right: calc(-4% \/ 2 );\"><div class=\"fusion-layout-column fusion_builder_column fusion-builder-column-0 fusion_builder_column_1_1 1_1 fusion-flex-column\" style=\"--awb-bg-size:cover;--awb-width-large:100%;--awb-margin-top-large:0px;--awb-spacing-right-large:1.92%;--awb-margin-bottom-large:0px;--awb-spacing-left-large:1.92%;--awb-width-medium:100%;--awb-spacing-right-medium:1.92%;--awb-spacing-left-medium:1.92%;--awb-width-small:100%;--awb-spacing-right-small:1.92%;--awb-spacing-left-small:1.92%;\"><div class=\"fusion-column-wrapper fusion-flex-justify-content-flex-start fusion-content-layout-column\"><div class=\"fusion-text fusion-text-1\"><h1>Pol\u00edtica del sistema de gesti\u00f3n integrado<\/h1>\n<p>INGECID S.L. (en adelante INGECID) cuenta con un Sistema de Gesti\u00f3n Integrado, cuyo alcance incluye su actividad principal, es decir:<\/p>\n<ul>\n<li>Dise\u00f1o de proyectos e informes t\u00e9cnicos de ingenier\u00eda civil y energ\u00edas renovable y nuclear.<\/li>\n<li>Dise\u00f1o y desarrollo de software en los campos de ingenier\u00eda civil e ingenier\u00eda nuclear.<\/li>\n<li>Formaci\u00f3n a empresas en \u00e1reas de conocimiento de la ingenier\u00eda civil e ingenier\u00eda nuclear.<\/li>\n<li>Investigaci\u00f3n, desarrollo e innovaci\u00f3n en los campos de ingenier\u00eda civil, de las energ\u00edas renovables, de la energ\u00eda nuclear y de ingenier\u00eda de software.<\/li>\n<\/ul>\n<blockquote>\n<p>En INGECID asumimos el compromiso de mantener y mejorar continuamente nuestro sistema de gesti\u00f3n integrado para asegurar su eficacia y la satisfacci\u00f3n de necesidades y expectativas de nuestras partes interesadas.<\/p>\n<\/blockquote>\n<p>Garantizamos, de esta forma, estar siempre a la vanguardia para satisfacer las necesidades de nuestros clientes, mejorar nuestro desempe\u00f1o ambiental, preservar la integridad de las personas, as\u00ed como asegurar el cumplimiento de los requisitos de confidencialidad, integridad y disponibilidad de la informaci\u00f3n de las partes interesadas. Todo ello conforme a los siguientes requisitos establecidos:<\/p>\n<ul>\n<li>Expl\u00edcitamente por nuestros clientes y de otras partes interesadas que no se encuentran recogidos a continuaci\u00f3n.<\/li>\n<li>En referenciales normativos nacionales e internacionales, tales como: UNE-EN ISO 9001:2015, UNE-EN ISO 14001:2015, UNE-EN ISO 56001:2024, UNE-EN ISO\/IEC 27001:2023, Esquema Nacional de Seguridad (regulado por RD 311\/2022), UNE-EN ISO 45001:2023 y UNE-EN ISO 37301:2021.<\/li>\n<li>En las normas 10CFR50 Ap\u00e9ndice B, NQA-1-2008\/09A, serie UNE 73400 y UNE-EN ISO 19443:2022 para aquellos proyectos cuyo alcance guarden relaci\u00f3n con la seguridad de una instalaci\u00f3n nuclear.<\/li>\n<li>En la UNE-EN ISO 19650:2019, partes 1 y 2, para la redacci\u00f3n de proyectos, direcci\u00f3n de obra de edificaci\u00f3n y obra civil siguiendo la metodolog\u00eda BIM, as\u00ed como en la prestaci\u00f3n de servicios de consultor\u00eda de implantaci\u00f3n de dicha metodolog\u00eda.<\/li>\n<li>En las normas PECAL 2110 y PECAL 2210 para aquellos proyectos en los que INGECID deba cumplir con los requisitos de aseguramiento de calidad como suministrador en los contratos del Ministerio de Defensa de Espa\u00f1a.<\/li>\n<\/ul>\n<p>De acuerdo con este compromiso, la direcci\u00f3n de INGECID asignar\u00e1 los medios y recursos necesarios para materializar los siguientes principios que forman parte de la presente pol\u00edtica:<\/p>\n<ul>\n<li>Potenciar una relaci\u00f3n con clientes, colaboradores y socios que permita que la informaci\u00f3n sea fluida en ambos sentidos.<\/li>\n<li>Fomentar y potenciar las actividades de Innovaci\u00f3n como factor diferencial de competitividad en el sector en el que actuamos.<\/li>\n<li>Ser referentes en el desarrollo de nuevas soluciones tecnol\u00f3gicas en los \u00e1mbitos de la ingenier\u00eda civil, energ\u00eda nuclear y energ\u00edas renovables.<\/li>\n<li>Fomentar la motivaci\u00f3n de todo el personal para promover la toma de conciencia de la importancia de la Innovaci\u00f3n, fomentar la creatividad y el trabajo en equipo con el objeto de captar nuevas ideas.<\/li>\n<li>Proteger y respetar el medio ambiente, adoptando medidas necesarias para prevenir la contaminaci\u00f3n y reducir el impacto ambiental de nuestra actividad. En esta l\u00ednea, fomentar la reutilizaci\u00f3n, el reciclado y la gesti\u00f3n de los recursos, incorporando el enfoque medioambiental al dise\u00f1o de nuestros proyectos.<\/li>\n<li>Establecer las medidas necesarias para proteger la informaci\u00f3n contra p\u00e9rdidas de disponibilidad, confidencialidad, integridad, trazabilidad y autenticidad.<\/li>\n<li>Establecer una metodolog\u00eda de evaluaci\u00f3n y tratamiento del riesgo adecuada para el Sistema de Gesti\u00f3n de Seguridad de la Informaci\u00f3n (SI), los requerimientos del negocio, los servicios, los cambios, las amenazas y el entorno exterior (requerimientos legales, obligaciones contractuales, normativas), que contemple, adem\u00e1s, los controles necesarios para mitigar los riesgos identificados, los criterios de aceptaci\u00f3n del riesgo y los niveles de riesgo aceptable.<\/li>\n<li>Realizar una monitorizaci\u00f3n de las medidas de SI implantadas, asegurando el cumplimiento eficiente de las mismas.<\/li>\n<li>Proporcionar condiciones de trabajo seguras y saludables para la prevenci\u00f3n de lesiones y deterioro de la salud relacionados con el trabajo, acorde al prop\u00f3sito, tama\u00f1o y contexto de INGECID y a la naturaleza espec\u00edfica de sus riesgos y oportunidades para la Seguridad y Salud en el Trabajo (SST).<\/li>\n<li>Garantizar la consulta y participaci\u00f3n de los trabajadores y sus representantes en todos los elementos del Sistema de Gesti\u00f3n de la SST.<\/li>\n<li>Eliminar los peligros y reducir los riesgos para la SST.<\/li>\n<li>Mantener la integridad de los procesos y prevenir las actividades il\u00edcitas, la corrupci\u00f3n y el soborno.<\/li>\n<li>Implantar una cultura de mejora continua en materia de Calidad, Ambiental, de Innovaci\u00f3n, de SI y de SST en el desarrollo de nuestra actividad.<\/li>\n<li>Establecer y revisar peri\u00f3dicamente objetivos de Calidad, Ambientales, de Innovaci\u00f3n, de SI y de SST, bajo el marco de referencia de la presente pol\u00edtica.<\/li>\n<\/ul>\n<p>INGECID se compromete a cumplir con la legislaci\u00f3n y reglamentaci\u00f3n aplicable, as\u00ed como con otros requisitos que la empresa suscriba en el \u00e1mbito \u00e9tico, ambiental, de SI, y de SST.<\/p>\n<p>INGECID considera a sus trabajadores, clientes, socios y proveedores como partes fundamentales para el funcionamiento de la organizaci\u00f3n y tiene en cuenta sus opiniones para aplicarlas como medidas de mejora.<\/p>\n<\/div><\/div><\/div><\/div><\/div><div class=\"fusion-fullwidth fullwidth-box fusion-builder-row-2 fusion-flex-container has-pattern-background has-mask-background nonhundred-percent-fullwidth non-hundred-percent-height-scrolling\" style=\"--awb-border-radius-top-left:0px;--awb-border-radius-top-right:0px;--awb-border-radius-bottom-right:0px;--awb-border-radius-bottom-left:0px;--awb-flex-wrap:wrap;\" ><div class=\"fusion-builder-row fusion-row fusion-flex-align-items-flex-start fusion-flex-content-wrap\" style=\"max-width:1456px;margin-left: calc(-4% \/ 2 );margin-right: calc(-4% \/ 2 );\"><div class=\"fusion-layout-column fusion_builder_column fusion-builder-column-1 fusion_builder_column_1_1 1_1 fusion-flex-column\" style=\"--awb-bg-size:cover;--awb-width-large:100%;--awb-spacing-right-large:1.92%;--awb-margin-bottom-large:0px;--awb-spacing-left-large:1.92%;--awb-width-medium:100%;--awb-order-medium:0;--awb-spacing-right-medium:1.92%;--awb-spacing-left-medium:1.92%;--awb-width-small:100%;--awb-order-small:0;--awb-spacing-right-small:1.92%;--awb-spacing-left-small:1.92%;\"><div class=\"fusion-column-wrapper fusion-column-has-shadow fusion-flex-justify-content-flex-start fusion-content-layout-column\"><div class=\"fusion-separator\" style=\"align-self: center;margin-left: auto;margin-right: auto;margin-top:40px;margin-bottom:20px;width:100%;max-width:90%;\"><div class=\"fusion-separator-border sep-single sep-solid\" style=\"--awb-height:20px;--awb-amount:20px;border-color:var(--awb-color3);border-top-width:1px;\"><\/div><\/div><div class=\"fusion-text fusion-text-2\"><p><strong>Por la direcci\u00f3n ejecutiva<\/strong><br \/>\n<em>FECHA DE APROBACI\u00d3N<\/em>: 06\/05\/2025<br \/>\n<em>DOCUMENTO<\/em>: SGI-02<br \/>\n<em>REVISI\u00d3N<\/em>: 00<\/p>\n<\/div><\/div><\/div><\/div><\/div><\/p>\n","protected":false},"excerpt":{"rendered":"","protected":false},"author":2,"featured_media":0,"parent":0,"menu_order":0,"comment_status":"closed","ping_status":"closed","template":"100-width.php","meta":{"_acf_changed":false,"footnotes":""},"class_list":["post-6456","page","type-page","status-publish","hentry"],"acf":[],"yoast_head":"<!-- This site is optimized with the Yoast SEO plugin v27.3 - https:\/\/yoast.com\/product\/yoast-seo-wordpress\/ -->\n<title>Pol\u00edtica del sistema de gesti\u00f3n integrado - Ingecid<\/title>\n<meta name=\"robots\" content=\"noindex, follow\" \/>\n<meta property=\"og:locale\" content=\"es_ES\" \/>\n<meta property=\"og:type\" content=\"article\" \/>\n<meta property=\"og:title\" content=\"Pol\u00edtica del sistema de gesti\u00f3n integrado - Ingecid\" \/>\n<meta property=\"og:url\" content=\"https:\/\/ingecid.com\/es\/politica-del-sistema-de-gestion-integrado\/\" \/>\n<meta property=\"og:site_name\" content=\"Ingecid\" \/>\n<meta property=\"article:modified_time\" content=\"2025-12-12T09:16:57+00:00\" \/>\n<meta property=\"og:image\" content=\"https:\/\/ingecid.com\/wp-content\/uploads\/2025\/06\/bg-feauted-image-ingecid.jpg\" \/>\n\t<meta property=\"og:image:width\" content=\"1024\" \/>\n\t<meta property=\"og:image:height\" content=\"576\" \/>\n\t<meta property=\"og:image:type\" content=\"image\/jpeg\" \/>\n<meta name=\"twitter:card\" content=\"summary_large_image\" \/>\n<meta name=\"twitter:label1\" content=\"Tiempo de lectura\" \/>\n\t<meta name=\"twitter:data1\" content=\"4 minutos\" \/>\n<script type=\"application\/ld+json\" class=\"yoast-schema-graph\">{\"@context\":\"https:\\\/\\\/schema.org\",\"@graph\":[{\"@type\":\"WebPage\",\"@id\":\"https:\\\/\\\/ingecid.com\\\/politica-del-sistema-de-gestion-integrado\\\/\",\"url\":\"https:\\\/\\\/ingecid.com\\\/politica-del-sistema-de-gestion-integrado\\\/\",\"name\":\"Pol\u00edtica del sistema de gesti\u00f3n integrado - Ingecid\",\"isPartOf\":{\"@id\":\"https:\\\/\\\/ingecid.com\\\/#website\"},\"datePublished\":\"2025-06-06T07:14:48+00:00\",\"dateModified\":\"2025-12-12T09:16:57+00:00\",\"breadcrumb\":{\"@id\":\"https:\\\/\\\/ingecid.com\\\/politica-del-sistema-de-gestion-integrado\\\/#breadcrumb\"},\"inLanguage\":\"es\",\"potentialAction\":[{\"@type\":\"ReadAction\",\"target\":[\"https:\\\/\\\/ingecid.com\\\/politica-del-sistema-de-gestion-integrado\\\/\"]}]},{\"@type\":\"BreadcrumbList\",\"@id\":\"https:\\\/\\\/ingecid.com\\\/politica-del-sistema-de-gestion-integrado\\\/#breadcrumb\",\"itemListElement\":[{\"@type\":\"ListItem\",\"position\":1,\"name\":\"Portada\",\"item\":\"https:\\\/\\\/ingecid.com\\\/\"},{\"@type\":\"ListItem\",\"position\":2,\"name\":\"Pol\u00edtica del sistema de gesti\u00f3n integrado\"}]},{\"@type\":\"WebSite\",\"@id\":\"https:\\\/\\\/ingecid.com\\\/#website\",\"url\":\"https:\\\/\\\/ingecid.com\\\/\",\"name\":\"Ingecid\",\"description\":\"Ingenier&iacute;a y Transformaci&oacute;n Digital para Infraestructuras\",\"publisher\":{\"@id\":\"https:\\\/\\\/ingecid.com\\\/#organization\"},\"alternateName\":\"Ingecid\",\"potentialAction\":[{\"@type\":\"SearchAction\",\"target\":{\"@type\":\"EntryPoint\",\"urlTemplate\":\"https:\\\/\\\/ingecid.com\\\/?s={search_term_string}\"},\"query-input\":{\"@type\":\"PropertyValueSpecification\",\"valueRequired\":true,\"valueName\":\"search_term_string\"}}],\"inLanguage\":\"es\"},{\"@type\":\"Organization\",\"@id\":\"https:\\\/\\\/ingecid.com\\\/#organization\",\"name\":\"Ingecid\",\"alternateName\":\"Ingecid | Ingenier\u00eda y Transformaci\u00f3n Digital para Infraestructuras\",\"url\":\"https:\\\/\\\/ingecid.com\\\/\",\"logo\":{\"@type\":\"ImageObject\",\"inLanguage\":\"es\",\"@id\":\"https:\\\/\\\/ingecid.com\\\/#\\\/schema\\\/logo\\\/image\\\/\",\"url\":\"https:\\\/\\\/ingecid.com\\\/wp-content\\\/uploads\\\/2025\\\/02\\\/Isotipo_SVG_Azul_Amarillo.svg\",\"contentUrl\":\"https:\\\/\\\/ingecid.com\\\/wp-content\\\/uploads\\\/2025\\\/02\\\/Isotipo_SVG_Azul_Amarillo.svg\",\"width\":207,\"height\":317,\"caption\":\"Ingecid\"},\"image\":{\"@id\":\"https:\\\/\\\/ingecid.com\\\/#\\\/schema\\\/logo\\\/image\\\/\"},\"sameAs\":[\"https:\\\/\\\/es.linkedin.com\\\/company\\\/ingecid\",\"https:\\\/\\\/www.youtube.com\\\/channel\\\/UC15XZLCFUDWQ8XtRntNk8sQ\"]}]}<\/script>\n<!-- \/ Yoast SEO plugin. -->","yoast_head_json":{"title":"Pol\u00edtica del sistema de gesti\u00f3n integrado - Ingecid","robots":{"index":"noindex","follow":"follow"},"og_locale":"es_ES","og_type":"article","og_title":"Pol\u00edtica del sistema de gesti\u00f3n integrado - Ingecid","og_url":"https:\/\/ingecid.com\/es\/politica-del-sistema-de-gestion-integrado\/","og_site_name":"Ingecid","article_modified_time":"2025-12-12T09:16:57+00:00","og_image":[{"width":1024,"height":576,"url":"https:\/\/ingecid.com\/wp-content\/uploads\/2025\/06\/bg-feauted-image-ingecid.jpg","type":"image\/jpeg"}],"twitter_card":"summary_large_image","twitter_misc":{"Tiempo de lectura":"4 minutos"},"schema":{"@context":"https:\/\/schema.org","@graph":[{"@type":"WebPage","@id":"https:\/\/ingecid.com\/politica-del-sistema-de-gestion-integrado\/","url":"https:\/\/ingecid.com\/politica-del-sistema-de-gestion-integrado\/","name":"Pol\u00edtica del sistema de gesti\u00f3n integrado - Ingecid","isPartOf":{"@id":"https:\/\/ingecid.com\/#website"},"datePublished":"2025-06-06T07:14:48+00:00","dateModified":"2025-12-12T09:16:57+00:00","breadcrumb":{"@id":"https:\/\/ingecid.com\/politica-del-sistema-de-gestion-integrado\/#breadcrumb"},"inLanguage":"es","potentialAction":[{"@type":"ReadAction","target":["https:\/\/ingecid.com\/politica-del-sistema-de-gestion-integrado\/"]}]},{"@type":"BreadcrumbList","@id":"https:\/\/ingecid.com\/politica-del-sistema-de-gestion-integrado\/#breadcrumb","itemListElement":[{"@type":"ListItem","position":1,"name":"Portada","item":"https:\/\/ingecid.com\/"},{"@type":"ListItem","position":2,"name":"Pol\u00edtica del sistema de gesti\u00f3n integrado"}]},{"@type":"WebSite","@id":"https:\/\/ingecid.com\/#website","url":"https:\/\/ingecid.com\/","name":"Ingecid","description":"Ingenier&iacute;a y Transformaci&oacute;n Digital para Infraestructuras","publisher":{"@id":"https:\/\/ingecid.com\/#organization"},"alternateName":"Ingecid","potentialAction":[{"@type":"SearchAction","target":{"@type":"EntryPoint","urlTemplate":"https:\/\/ingecid.com\/?s={search_term_string}"},"query-input":{"@type":"PropertyValueSpecification","valueRequired":true,"valueName":"search_term_string"}}],"inLanguage":"es"},{"@type":"Organization","@id":"https:\/\/ingecid.com\/#organization","name":"Ingecid","alternateName":"Ingecid | Ingenier\u00eda y Transformaci\u00f3n Digital para Infraestructuras","url":"https:\/\/ingecid.com\/","logo":{"@type":"ImageObject","inLanguage":"es","@id":"https:\/\/ingecid.com\/#\/schema\/logo\/image\/","url":"https:\/\/ingecid.com\/wp-content\/uploads\/2025\/02\/Isotipo_SVG_Azul_Amarillo.svg","contentUrl":"https:\/\/ingecid.com\/wp-content\/uploads\/2025\/02\/Isotipo_SVG_Azul_Amarillo.svg","width":207,"height":317,"caption":"Ingecid"},"image":{"@id":"https:\/\/ingecid.com\/#\/schema\/logo\/image\/"},"sameAs":["https:\/\/es.linkedin.com\/company\/ingecid","https:\/\/www.youtube.com\/channel\/UC15XZLCFUDWQ8XtRntNk8sQ"]}]}},"_links":{"self":[{"href":"https:\/\/ingecid.com\/es\/wp-json\/wp\/v2\/pages\/6456","targetHints":{"allow":["GET"]}}],"collection":[{"href":"https:\/\/ingecid.com\/es\/wp-json\/wp\/v2\/pages"}],"about":[{"href":"https:\/\/ingecid.com\/es\/wp-json\/wp\/v2\/types\/page"}],"author":[{"embeddable":true,"href":"https:\/\/ingecid.com\/es\/wp-json\/wp\/v2\/users\/2"}],"replies":[{"embeddable":true,"href":"https:\/\/ingecid.com\/es\/wp-json\/wp\/v2\/comments?post=6456"}],"version-history":[{"count":9,"href":"https:\/\/ingecid.com\/es\/wp-json\/wp\/v2\/pages\/6456\/revisions"}],"predecessor-version":[{"id":6959,"href":"https:\/\/ingecid.com\/es\/wp-json\/wp\/v2\/pages\/6456\/revisions\/6959"}],"wp:attachment":[{"href":"https:\/\/ingecid.com\/es\/wp-json\/wp\/v2\/media?parent=6456"}],"curies":[{"name":"wp","href":"https:\/\/api.w.org\/{rel}","templated":true}]}}