{"id":6454,"date":"2025-06-06T06:52:37","date_gmt":"2025-06-06T06:52:37","guid":{"rendered":"https:\/\/ingecid.com\/?page_id=6454"},"modified":"2025-12-12T10:17:29","modified_gmt":"2025-12-12T09:17:29","slug":"vision-proposito-y-estrategia","status":"publish","type":"page","link":"https:\/\/ingecid.com\/es\/vision-proposito-y-estrategia\/","title":{"rendered":"Visi\u00f3n, prop\u00f3sito y estrategia"},"content":{"rendered":"<p><div class=\"fusion-fullwidth fullwidth-box fusion-builder-row-1 fusion-flex-container nonhundred-percent-fullwidth non-hundred-percent-height-scrolling\" style=\"--awb-border-radius-top-left:0px;--awb-border-radius-top-right:0px;--awb-border-radius-bottom-right:0px;--awb-border-radius-bottom-left:0px;--awb-flex-wrap:wrap;\" ><div class=\"fusion-builder-row fusion-row fusion-flex-align-items-flex-start fusion-flex-content-wrap\" style=\"max-width:1456px;margin-left: calc(-4% \/ 2 );margin-right: calc(-4% \/ 2 );\"><div class=\"fusion-layout-column fusion_builder_column fusion-builder-column-0 fusion_builder_column_1_1 1_1 fusion-flex-column\" style=\"--awb-bg-size:cover;--awb-width-large:100%;--awb-margin-top-large:0px;--awb-spacing-right-large:1.92%;--awb-margin-bottom-large:20px;--awb-spacing-left-large:1.92%;--awb-width-medium:100%;--awb-order-medium:0;--awb-spacing-right-medium:1.92%;--awb-spacing-left-medium:1.92%;--awb-width-small:100%;--awb-order-small:0;--awb-spacing-right-small:1.92%;--awb-spacing-left-small:1.92%;\" data-scroll-devices=\"small-visibility,medium-visibility,large-visibility\"><div class=\"fusion-column-wrapper fusion-column-has-shadow fusion-flex-justify-content-flex-start fusion-content-layout-column\"><div class=\"fusion-text fusion-text-1\"><h1>Visi\u00f3n, prop\u00f3sito y estrategia<\/h1>\n<h2><strong>VISI\u00d3N<\/strong><\/h2>\n<p data-start=\"105\" data-end=\"342\">La visi\u00f3n de INGECID es ser un referente en innovaci\u00f3n tecnol\u00f3gica dentro del \u00e1mbito de la ingenier\u00eda, aportando soluciones integrales que generen un impacto positivo y sostenible en nuestros clientes, en la sociedad y en el entorno. Aspiramos a liderar la transformaci\u00f3n del sector mediante el desarrollo de tecnolog\u00edas avanzadas, la colaboraci\u00f3n estrat\u00e9gica, el an\u00e1lisis constante del entorno competitivo y la orientaci\u00f3n a las necesidades reales del mercado.<\/p>\n<p data-start=\"573\" data-end=\"729\">Nuestro compromiso se basa en fomentar el talento y el crecimiento del capital humano, promoviendo una cultura de mejora continua, creatividad y excelencia. Entendemos la innovaci\u00f3n no solo como un objetivo, sino como un proceso sistem\u00e1tico y estructurado que impulsa la sostenibilidad empresarial y la generaci\u00f3n de valor a largo plazo. As\u00ed, contribuimos activamente al desarrollo de infraestructuras m\u00e1s seguras, eficientes y responsables con el medio ambiente.<\/p>\n<\/div><\/div><\/div><div class=\"fusion-layout-column fusion_builder_column fusion-builder-column-1 fusion_builder_column_1_1 1_1 fusion-flex-column\" style=\"--awb-bg-size:cover;--awb-width-large:100%;--awb-margin-top-large:0px;--awb-spacing-right-large:1.92%;--awb-margin-bottom-large:20px;--awb-spacing-left-large:1.92%;--awb-width-medium:100%;--awb-order-medium:0;--awb-spacing-right-medium:1.92%;--awb-spacing-left-medium:1.92%;--awb-width-small:100%;--awb-order-small:0;--awb-spacing-right-small:1.92%;--awb-spacing-left-small:1.92%;\" data-scroll-devices=\"small-visibility,medium-visibility,large-visibility\"><div class=\"fusion-column-wrapper fusion-column-has-shadow fusion-flex-justify-content-flex-start fusion-content-layout-column\"><div class=\"fusion-text fusion-text-2\"><h2 data-start=\"573\" data-end=\"729\"><strong>PROP\u00d3SITO<\/strong><\/h2>\n<p data-start=\"165\" data-end=\"305\">El prop\u00f3sito de INGECID es desarrollar soluciones innovadoras y sostenibles que aporten valor a clientes, colaboradores y a la sociedad. Como socio tecnol\u00f3gico de referencia en los sectores de ingenier\u00eda nuclear, energ\u00edas renovables e ingenier\u00eda civil, desarrollamos metodolog\u00edas y herramientas propias basadas en I+D para:<\/p>\n<ul>\n<li data-start=\"509\" data-end=\"545\">\n<p data-start=\"509\" data-end=\"545\">Optimizar la eficiencia operativa.<\/p>\n<\/li>\n<li data-start=\"546\" data-end=\"599\">\n<p data-start=\"548\" data-end=\"599\">Garantizar los m\u00e1s altos est\u00e1ndares de seguridad.<\/p>\n<\/li>\n<li data-start=\"600\" data-end=\"633\">\n<p data-start=\"602\" data-end=\"633\">Minimizar el impacto ambiental.<\/p>\n<\/li>\n<\/ul>\n<p data-start=\"635\" data-end=\"706\">Nuestra cultura de innovaci\u00f3n se estructura en tres ejes fundamentales:<\/p>\n<ul data-start=\"708\" data-end=\"881\">\n<li data-start=\"708\" data-end=\"764\">\n<p data-start=\"710\" data-end=\"764\">Formaci\u00f3n continua y especializaci\u00f3n del equipo.<\/p>\n<\/li>\n<li data-start=\"765\" data-end=\"828\">\n<p data-start=\"767\" data-end=\"828\">Alianzas estrat\u00e9gicas con los agentes clave del sector.<\/p>\n<\/li>\n<li data-start=\"829\" data-end=\"881\">\n<p data-start=\"831\" data-end=\"881\">An\u00e1lisis sistem\u00e1tico del contexto competitivo.<\/p>\n<\/li>\n<\/ul>\n<\/div><\/div><\/div><div class=\"fusion-layout-column fusion_builder_column fusion-builder-column-2 fusion_builder_column_1_1 1_1 fusion-flex-column\" style=\"--awb-bg-size:cover;--awb-width-large:100%;--awb-margin-top-large:0px;--awb-spacing-right-large:1.92%;--awb-margin-bottom-large:0px;--awb-spacing-left-large:1.92%;--awb-width-medium:100%;--awb-order-medium:0;--awb-spacing-right-medium:1.92%;--awb-spacing-left-medium:1.92%;--awb-width-small:100%;--awb-order-small:0;--awb-spacing-right-small:1.92%;--awb-spacing-left-small:1.92%;\" data-scroll-devices=\"small-visibility,medium-visibility,large-visibility\"><div class=\"fusion-column-wrapper fusion-column-has-shadow fusion-flex-justify-content-flex-start fusion-content-layout-column\"><div class=\"fusion-text fusion-text-3\"><h2><strong>ESTRATEGIA<\/strong><\/h2>\n<p>La estrategia de innovaci\u00f3n de INGECID se alinea con los principios de la norma ISO 56001, integrando la innovaci\u00f3n como un elemento esencial y transversal a toda la organizaci\u00f3n, con el objetivo de generar y consolidar valor para todos los grupos de inter\u00e9s. Este marco permite orientar las iniciativas innovadoras hacia el logro de objetivos estrat\u00e9gicos, la mitigaci\u00f3n de riesgos y el fortalecimiento de la competitividad a largo plazo.<\/p>\n<p data-start=\"584\" data-end=\"644\">Los ejes de la estrategia de INGECID son los siguientes:<\/p>\n<h3 data-start=\"71\" data-end=\"104\"><strong>Sostenibilidad Empresarial<\/strong><\/h3>\n<p data-start=\"106\" data-end=\"329\">Procuramos la sostenibilidad de la empresa mediante el crecimiento continuo del equipo, la incorporaci\u00f3n de nuevos talentos y la agilidad en la respuesta a las demandas tanto de los clientes como de la sociedad.<\/p>\n<p data-start=\"331\" data-end=\"547\">Nuestra cultura de innovaci\u00f3n facilita la adaptaci\u00f3n frente a los cambios del entorno y las solicitudes emergentes, asegurando una estructura, recursos y procesos capaces de evolucionar continuamente.<\/p>\n<h3 data-start=\"84\" data-end=\"120\"><strong data-start=\"87\" data-end=\"120\">Desarrollo del Capital Humano<\/strong><\/h3>\n<p data-start=\"122\" data-end=\"383\">Fomentamos una cultura organizacional centrada en las personas, impulsando su carrera profesional mediante oportunidades de crecimiento, capacitaci\u00f3n continua y reconocimiento, reforzando el sentido de pertenencia y el valor del talento interno. Mediante la participaci\u00f3n en proyectos innovadores y desafiantes, cada miembro del equipo podr\u00e1 sentirse motivado, satisfecho con su trabajo y orgulloso de formar parte de INGECID.<\/p>\n<p data-start=\"583\" data-end=\"826\">Creemos que un entorno diverso y equitativo, que valora la participaci\u00f3n y la creatividad, es clave para el bienestar del equipo, la retenci\u00f3n y la atracci\u00f3n del talento.<br data-start=\"769\" data-end=\"772\" \/>Las personas son el motor de nuestra organizaci\u00f3n.<\/p>\n<h3 data-start=\"85\" data-end=\"114\"><strong data-start=\"88\" data-end=\"114\">Orientaci\u00f3n al Cliente<\/strong><\/h3>\n<p data-start=\"116\" data-end=\"277\">Nos orientamos al cumplimiento de objetivos claros que garanticen la satisfacci\u00f3n y una valoraci\u00f3n positiva por parte de nuestra cartera de clientes. A trav\u00e9s de una gesti\u00f3n rigurosa de plazos, presupuestos y alcance, fortalecemos la planificaci\u00f3n y ejecuci\u00f3n de proyectos, generando relaciones de confianza y compromiso a largo plazo. La experiencia de cada cliente es el eje central que impulsa nuestra mejora continua y consolida nuestra reputaci\u00f3n.<\/p>\n<p data-start=\"608\" data-end=\"745\">La innovaci\u00f3n se centra en superar las expectativas, asegurando soluciones entregadas en tiempo, forma y con la calidad esperada. Establecemos procesos eficientes que permiten alcanzar y exceder los objetivos establecidos, reforzando as\u00ed la fidelizaci\u00f3n y la alta valoraci\u00f3n de nuestros productos y servicios. Esta orientaci\u00f3n constante hacia la excelencia es clave para el \u00e9xito sostenible de nuestra organizaci\u00f3n.<\/p>\n<h3 data-start=\"87\" data-end=\"115\"><strong data-start=\"90\" data-end=\"115\">Alianzas Estrat\u00e9gicas<\/strong><\/h3>\n<p data-start=\"117\" data-end=\"263\">Establecemos alianzas estrat\u00e9gicas basadas en la confianza mutua, el intercambio de conocimientos y la creaci\u00f3n conjunta de valor. Promovemos relaciones colaborativas en las que todas las partes se beneficien y fortalezcan, orientadas al desarrollo de soluciones innovadoras y al crecimiento conjunto. Nuestra gesti\u00f3n de alianzas busca asegurar que cada colaboraci\u00f3n contribuya activamente al impulso de la capacidad innovadora y a la construcci\u00f3n de un ecosistema compartido de aprendizaje y mejora continua.<\/p>\n<p data-start=\"650\" data-end=\"935\">Apostamos por generar sinergias que enriquezcan nuestra propuesta de valor, mediante proyectos que fomenten el intercambio de experiencias, recursos y buenas pr\u00e1cticas, asegurando beneficios compartidos y resultados que refuercen tanto a INGECID como a las entidades colaboradoras.<\/p>\n<h3 data-start=\"57\" data-end=\"84\"><strong data-start=\"60\" data-end=\"84\">An\u00e1lisis Competitivo<\/strong><\/h3>\n<p data-start=\"86\" data-end=\"317\">Realizamos un an\u00e1lisis sistem\u00e1tico del entorno competitivo para identificar las fortalezas y buenas pr\u00e1cticas de otras organizaciones competidoras, transformando nuestras debilidades en oportunidades de mejora y diferenciaci\u00f3n.<\/p>\n<p data-start=\"319\" data-end=\"548\">Adoptamos una actitud colaborativa frente a la competencia, valorando no solo los aprendizajes que aportan sus \u00e9xitos, sino tambi\u00e9n la posibilidad de establecer alianzas estrat\u00e9gicas con organizaciones antes competidoras. De este modo, fomentamos relaciones de valor compartido que refuercen nuestro ecosistema de innovaci\u00f3n y propicien el crecimiento conjunto.<\/p>\n<h3 data-start=\"57\" data-end=\"86\"><strong data-start=\"60\" data-end=\"86\">Responsabilidad Social<\/strong><\/h3>\n<p data-start=\"88\" data-end=\"250\">Asumimos un compromiso activo con la responsabilidad social corporativa para impulsar iniciativas que mejoren el entorno y la calidad de vida de la comunidad. A trav\u00e9s de programas y actuaciones concretas, buscamos reforzar nuestra imagen interna y externa, contribuyendo a un entorno social m\u00e1s justo y participativo y generando un impacto positivo en la sociedad.<\/p>\n<p data-start=\"460\" data-end=\"656\">Adem\u00e1s, colaboramos estrechamente con la Universidad de Cantabria mediante la C\u00e1tedra INGECID, que potencia el talento y difunde pr\u00e1cticas innovadoras en el \u00e1mbito acad\u00e9mico y profesional. Estos convenios facilitan la transferencia de conocimiento, fomentan la creatividad de futuros profesionales y consolidan nuestra presencia como motor de desarrollo social e innovador.<\/p>\n<h3 data-start=\"460\" data-end=\"656\"><strong>Compromiso con el medio ambiente<\/strong><\/h3>\n<p data-start=\"460\" data-end=\"656\">Adoptamos un enfoque de innovaci\u00f3n sostenible e integramos criterios ecol\u00f3gicos en todas las fases de nuestros proyectos, fomentando la econom\u00eda circular y optimizando el uso de recursos para reducir al m\u00e1ximo nuestra huella ecol\u00f3gica.<\/p>\n<p data-start=\"460\" data-end=\"656\">Por ello, promovemos pr\u00e1cticas y pol\u00edticas que protejan el medio ambiente, buscando siempre alternativas que concilien la eficiencia operativa con la conservaci\u00f3n del entorno.<\/p>\n<\/div><\/div><\/div><\/div><\/div><div class=\"fusion-fullwidth fullwidth-box fusion-builder-row-2 fusion-flex-container has-pattern-background has-mask-background nonhundred-percent-fullwidth non-hundred-percent-height-scrolling\" style=\"--awb-border-radius-top-left:0px;--awb-border-radius-top-right:0px;--awb-border-radius-bottom-right:0px;--awb-border-radius-bottom-left:0px;--awb-flex-wrap:wrap;\" ><div class=\"fusion-builder-row fusion-row fusion-flex-align-items-flex-start fusion-flex-content-wrap\" style=\"max-width:1456px;margin-left: calc(-4% \/ 2 );margin-right: calc(-4% \/ 2 );\"><div class=\"fusion-layout-column fusion_builder_column fusion-builder-column-3 fusion_builder_column_1_1 1_1 fusion-flex-column\" style=\"--awb-bg-size:cover;--awb-width-large:100%;--awb-spacing-right-large:1.92%;--awb-margin-bottom-large:0px;--awb-spacing-left-large:1.92%;--awb-width-medium:100%;--awb-order-medium:0;--awb-spacing-right-medium:1.92%;--awb-spacing-left-medium:1.92%;--awb-width-small:100%;--awb-order-small:0;--awb-spacing-right-small:1.92%;--awb-spacing-left-small:1.92%;\"><div class=\"fusion-column-wrapper fusion-column-has-shadow fusion-flex-justify-content-flex-start fusion-content-layout-column\"><div class=\"fusion-separator\" style=\"align-self: center;margin-left: auto;margin-right: auto;margin-top:40px;margin-bottom:20px;width:100%;max-width:90%;\"><div class=\"fusion-separator-border sep-single sep-solid\" style=\"--awb-height:20px;--awb-amount:20px;border-color:var(--awb-color3);border-top-width:1px;\"><\/div><\/div><div class=\"fusion-text fusion-text-4\"><p><strong>Por la Direcci\u00f3n Ejecutiva<\/strong><br \/>\n<em>FECHA DE APROBACI\u00d3N<\/em>: 06\/05\/2025<br \/>\n<em>DOCUMENTO<\/em>: SGI-04<br \/>\n<em>REVISI\u00d3N<\/em>: 00<\/p>\n<\/div><\/div><\/div><\/div><\/div><\/p>\n","protected":false},"excerpt":{"rendered":"","protected":false},"author":2,"featured_media":0,"parent":0,"menu_order":0,"comment_status":"closed","ping_status":"closed","template":"100-width.php","meta":{"_acf_changed":false,"footnotes":""},"class_list":["post-6454","page","type-page","status-publish","hentry"],"acf":[],"yoast_head":"<!-- This site is optimized with the Yoast SEO plugin v27.3 - https:\/\/yoast.com\/product\/yoast-seo-wordpress\/ -->\n<title>Visi\u00f3n, prop\u00f3sito y estrategia - Ingecid<\/title>\n<meta name=\"robots\" content=\"noindex, follow\" \/>\n<meta property=\"og:locale\" content=\"es_ES\" \/>\n<meta property=\"og:type\" content=\"article\" \/>\n<meta property=\"og:title\" content=\"Visi\u00f3n, prop\u00f3sito y estrategia - Ingecid\" \/>\n<meta property=\"og:url\" content=\"https:\/\/ingecid.com\/es\/vision-proposito-y-estrategia\/\" \/>\n<meta property=\"og:site_name\" content=\"Ingecid\" \/>\n<meta property=\"article:modified_time\" content=\"2025-12-12T09:17:29+00:00\" \/>\n<meta property=\"og:image\" content=\"https:\/\/ingecid.com\/wp-content\/uploads\/2025\/06\/bg-feauted-image-ingecid.jpg\" \/>\n\t<meta property=\"og:image:width\" content=\"1024\" \/>\n\t<meta property=\"og:image:height\" content=\"576\" \/>\n\t<meta property=\"og:image:type\" content=\"image\/jpeg\" \/>\n<meta name=\"twitter:card\" content=\"summary_large_image\" \/>\n<meta name=\"twitter:label1\" content=\"Tiempo de lectura\" \/>\n\t<meta name=\"twitter:data1\" content=\"5 minutos\" \/>\n<script type=\"application\/ld+json\" class=\"yoast-schema-graph\">{\"@context\":\"https:\\\/\\\/schema.org\",\"@graph\":[{\"@type\":\"WebPage\",\"@id\":\"https:\\\/\\\/ingecid.com\\\/vision-proposito-y-estrategia\\\/\",\"url\":\"https:\\\/\\\/ingecid.com\\\/vision-proposito-y-estrategia\\\/\",\"name\":\"Visi\u00f3n, prop\u00f3sito y estrategia - Ingecid\",\"isPartOf\":{\"@id\":\"https:\\\/\\\/ingecid.com\\\/#website\"},\"datePublished\":\"2025-06-06T06:52:37+00:00\",\"dateModified\":\"2025-12-12T09:17:29+00:00\",\"breadcrumb\":{\"@id\":\"https:\\\/\\\/ingecid.com\\\/vision-proposito-y-estrategia\\\/#breadcrumb\"},\"inLanguage\":\"es\",\"potentialAction\":[{\"@type\":\"ReadAction\",\"target\":[\"https:\\\/\\\/ingecid.com\\\/vision-proposito-y-estrategia\\\/\"]}]},{\"@type\":\"BreadcrumbList\",\"@id\":\"https:\\\/\\\/ingecid.com\\\/vision-proposito-y-estrategia\\\/#breadcrumb\",\"itemListElement\":[{\"@type\":\"ListItem\",\"position\":1,\"name\":\"Portada\",\"item\":\"https:\\\/\\\/ingecid.com\\\/\"},{\"@type\":\"ListItem\",\"position\":2,\"name\":\"Visi\u00f3n, prop\u00f3sito y estrategia\"}]},{\"@type\":\"WebSite\",\"@id\":\"https:\\\/\\\/ingecid.com\\\/#website\",\"url\":\"https:\\\/\\\/ingecid.com\\\/\",\"name\":\"Ingecid\",\"description\":\"Ingenier&iacute;a y Transformaci&oacute;n Digital para Infraestructuras\",\"publisher\":{\"@id\":\"https:\\\/\\\/ingecid.com\\\/#organization\"},\"alternateName\":\"Ingecid\",\"potentialAction\":[{\"@type\":\"SearchAction\",\"target\":{\"@type\":\"EntryPoint\",\"urlTemplate\":\"https:\\\/\\\/ingecid.com\\\/?s={search_term_string}\"},\"query-input\":{\"@type\":\"PropertyValueSpecification\",\"valueRequired\":true,\"valueName\":\"search_term_string\"}}],\"inLanguage\":\"es\"},{\"@type\":\"Organization\",\"@id\":\"https:\\\/\\\/ingecid.com\\\/#organization\",\"name\":\"Ingecid\",\"alternateName\":\"Ingecid | Ingenier\u00eda y Transformaci\u00f3n Digital para Infraestructuras\",\"url\":\"https:\\\/\\\/ingecid.com\\\/\",\"logo\":{\"@type\":\"ImageObject\",\"inLanguage\":\"es\",\"@id\":\"https:\\\/\\\/ingecid.com\\\/#\\\/schema\\\/logo\\\/image\\\/\",\"url\":\"https:\\\/\\\/ingecid.com\\\/wp-content\\\/uploads\\\/2025\\\/02\\\/Isotipo_SVG_Azul_Amarillo.svg\",\"contentUrl\":\"https:\\\/\\\/ingecid.com\\\/wp-content\\\/uploads\\\/2025\\\/02\\\/Isotipo_SVG_Azul_Amarillo.svg\",\"width\":207,\"height\":317,\"caption\":\"Ingecid\"},\"image\":{\"@id\":\"https:\\\/\\\/ingecid.com\\\/#\\\/schema\\\/logo\\\/image\\\/\"},\"sameAs\":[\"https:\\\/\\\/es.linkedin.com\\\/company\\\/ingecid\",\"https:\\\/\\\/www.youtube.com\\\/channel\\\/UC15XZLCFUDWQ8XtRntNk8sQ\"]}]}<\/script>\n<!-- \/ Yoast SEO plugin. -->","yoast_head_json":{"title":"Visi\u00f3n, prop\u00f3sito y estrategia - Ingecid","robots":{"index":"noindex","follow":"follow"},"og_locale":"es_ES","og_type":"article","og_title":"Visi\u00f3n, prop\u00f3sito y estrategia - Ingecid","og_url":"https:\/\/ingecid.com\/es\/vision-proposito-y-estrategia\/","og_site_name":"Ingecid","article_modified_time":"2025-12-12T09:17:29+00:00","og_image":[{"width":1024,"height":576,"url":"https:\/\/ingecid.com\/wp-content\/uploads\/2025\/06\/bg-feauted-image-ingecid.jpg","type":"image\/jpeg"}],"twitter_card":"summary_large_image","twitter_misc":{"Tiempo de lectura":"5 minutos"},"schema":{"@context":"https:\/\/schema.org","@graph":[{"@type":"WebPage","@id":"https:\/\/ingecid.com\/vision-proposito-y-estrategia\/","url":"https:\/\/ingecid.com\/vision-proposito-y-estrategia\/","name":"Visi\u00f3n, prop\u00f3sito y estrategia - Ingecid","isPartOf":{"@id":"https:\/\/ingecid.com\/#website"},"datePublished":"2025-06-06T06:52:37+00:00","dateModified":"2025-12-12T09:17:29+00:00","breadcrumb":{"@id":"https:\/\/ingecid.com\/vision-proposito-y-estrategia\/#breadcrumb"},"inLanguage":"es","potentialAction":[{"@type":"ReadAction","target":["https:\/\/ingecid.com\/vision-proposito-y-estrategia\/"]}]},{"@type":"BreadcrumbList","@id":"https:\/\/ingecid.com\/vision-proposito-y-estrategia\/#breadcrumb","itemListElement":[{"@type":"ListItem","position":1,"name":"Portada","item":"https:\/\/ingecid.com\/"},{"@type":"ListItem","position":2,"name":"Visi\u00f3n, prop\u00f3sito y estrategia"}]},{"@type":"WebSite","@id":"https:\/\/ingecid.com\/#website","url":"https:\/\/ingecid.com\/","name":"Ingecid","description":"Ingenier&iacute;a y Transformaci&oacute;n Digital para Infraestructuras","publisher":{"@id":"https:\/\/ingecid.com\/#organization"},"alternateName":"Ingecid","potentialAction":[{"@type":"SearchAction","target":{"@type":"EntryPoint","urlTemplate":"https:\/\/ingecid.com\/?s={search_term_string}"},"query-input":{"@type":"PropertyValueSpecification","valueRequired":true,"valueName":"search_term_string"}}],"inLanguage":"es"},{"@type":"Organization","@id":"https:\/\/ingecid.com\/#organization","name":"Ingecid","alternateName":"Ingecid | Ingenier\u00eda y Transformaci\u00f3n Digital para Infraestructuras","url":"https:\/\/ingecid.com\/","logo":{"@type":"ImageObject","inLanguage":"es","@id":"https:\/\/ingecid.com\/#\/schema\/logo\/image\/","url":"https:\/\/ingecid.com\/wp-content\/uploads\/2025\/02\/Isotipo_SVG_Azul_Amarillo.svg","contentUrl":"https:\/\/ingecid.com\/wp-content\/uploads\/2025\/02\/Isotipo_SVG_Azul_Amarillo.svg","width":207,"height":317,"caption":"Ingecid"},"image":{"@id":"https:\/\/ingecid.com\/#\/schema\/logo\/image\/"},"sameAs":["https:\/\/es.linkedin.com\/company\/ingecid","https:\/\/www.youtube.com\/channel\/UC15XZLCFUDWQ8XtRntNk8sQ"]}]}},"_links":{"self":[{"href":"https:\/\/ingecid.com\/es\/wp-json\/wp\/v2\/pages\/6454","targetHints":{"allow":["GET"]}}],"collection":[{"href":"https:\/\/ingecid.com\/es\/wp-json\/wp\/v2\/pages"}],"about":[{"href":"https:\/\/ingecid.com\/es\/wp-json\/wp\/v2\/types\/page"}],"author":[{"embeddable":true,"href":"https:\/\/ingecid.com\/es\/wp-json\/wp\/v2\/users\/2"}],"replies":[{"embeddable":true,"href":"https:\/\/ingecid.com\/es\/wp-json\/wp\/v2\/comments?post=6454"}],"version-history":[{"count":10,"href":"https:\/\/ingecid.com\/es\/wp-json\/wp\/v2\/pages\/6454\/revisions"}],"predecessor-version":[{"id":7526,"href":"https:\/\/ingecid.com\/es\/wp-json\/wp\/v2\/pages\/6454\/revisions\/7526"}],"wp:attachment":[{"href":"https:\/\/ingecid.com\/es\/wp-json\/wp\/v2\/media?parent=6454"}],"curies":[{"name":"wp","href":"https:\/\/api.w.org\/{rel}","templated":true}]}}