{"id":3163,"date":"2025-03-11T10:00:16","date_gmt":"2025-03-11T10:00:16","guid":{"rendered":"https:\/\/ingecid.com\/?page_id=3163"},"modified":"2025-06-25T06:50:53","modified_gmt":"2025-06-25T06:50:53","slug":"aviso-legal","status":"publish","type":"page","link":"https:\/\/ingecid.com\/es\/aviso-legal\/","title":{"rendered":"Aviso Legal"},"content":{"rendered":"<div class=\"fusion-fullwidth fullwidth-box fusion-builder-row-1 fusion-flex-container nonhundred-percent-fullwidth non-hundred-percent-height-scrolling\" style=\"--awb-border-radius-top-left:0px;--awb-border-radius-top-right:0px;--awb-border-radius-bottom-right:0px;--awb-border-radius-bottom-left:0px;--awb-flex-wrap:wrap;\" ><div class=\"fusion-builder-row fusion-row fusion-flex-align-items-flex-start fusion-flex-content-wrap\" style=\"max-width:1456px;margin-left: calc(-4% \/ 2 );margin-right: calc(-4% \/ 2 );\"><div class=\"fusion-layout-column fusion_builder_column fusion-builder-column-0 fusion_builder_column_1_1 1_1 fusion-flex-column\" style=\"--awb-bg-size:cover;--awb-width-large:100%;--awb-margin-top-large:0px;--awb-spacing-right-large:1.92%;--awb-margin-bottom-large:0px;--awb-spacing-left-large:1.92%;--awb-width-medium:100%;--awb-spacing-right-medium:1.92%;--awb-spacing-left-medium:1.92%;--awb-width-small:100%;--awb-spacing-right-small:1.92%;--awb-spacing-left-small:1.92%;\"><div class=\"fusion-column-wrapper fusion-flex-justify-content-flex-start fusion-content-layout-column\"><div class=\"fusion-text fusion-text-1\"><h1>Aviso Legal<\/h1>\n<p>El sitio web <strong>ingecid.com<\/strong> es un dominio en internet de titularidad de Ingecid, S.L. con NIF B39701834, que constituye su sitio web oficial, gestionado por INGECID S.L., ubicado en Avenida de los Castros, n\u00ba 44 \u2013 39005 Santander.<\/p>\n<p>En la presente nota legal se recogen las condiciones generales de su uso y acceso. El uso de este sitio web implica la expresa y plena aceptaci\u00f3n de las presentes condiciones generales en la versi\u00f3n publicada en el momento en que el usuario acceda al mismo, sin perjuicio de las condiciones particulares que pudieran aplicarse a algunos de los contenidos o servicios de la web de INGECID.<\/p>\n<p>En todo caso, la actualizaci\u00f3n de la informaci\u00f3n y servicios no es inmediata, por lo que pueden existir desfases en la misma. Le sugerimos que compruebe siempre la vigencia y exactitud de la informaci\u00f3n, servicios y contenidos recogidos en la misma. INGECID no puede garantizar la ausencia de errores en este sitio web.<\/p>\n<p>Tanto el acceso a este sitio web como el uso que pueda hacerse de la informaci\u00f3n contenida en el mismo son de la exclusiva responsabilidad de quien lo realiza. INGECID no responder\u00e1 de ninguna consecuencia, da\u00f1o o perjuicio que pudieran derivarse de dicho acceso o uso de la informaci\u00f3n, con excepci\u00f3n de todo aquello que resulte de las disposiciones legales a las que deba someterse en el estricto ejercicio de sus competencias.<\/p>\n<p>INGECID no se hace responsable en los casos en que no sea posible el acceso a este sitio web por mal funcionamiento del sitio a causa de fuerza mayor o circunstancias accidentales, ni en los supuestos de paradas de mantenimiento.<\/p>\n<h2>Modificaciones<\/h2>\n<p>Con el fin de mejorar las prestaciones del sitio web, INGECID se reserva el derecho, en cualquier momento y sin previa notificaci\u00f3n a los usuarios, a modificar, ampliar o suspender temporalmente la presentaci\u00f3n, configuraci\u00f3n, especificaciones t\u00e9cnicas y servicios del sitio web, de forma unilateral.<\/p>\n<p>Asimismo, se reserva el derecho a modificar en cualquier momento las presentes condiciones de uso as\u00ed como cualesquiera otras condiciones particulares.<\/p>\n<h2>Links e Hiperenlaces<\/h2>\n<p>Los hiperenlaces contenidos en el sitio web pueden dirigir a p\u00e1ginas web de terceros. INGECID no asume ninguna responsabilidad por el contenido, informaciones o servicios que pudieran aparecer en dichos sitios, cuyas p\u00e1ginas no le pertenecen, ni hace una revisi\u00f3n de sus contenidos y que no necesariamente implican relaci\u00f3n con las personas o entidades titulares de tales contenidos o de los sitios donde se encuentren.<\/p>\n<p>Respecto a los enlaces que puedan realizarse a esta p\u00e1gina desde p\u00e1ginas de terceros, el establecimiento del hiperenlace por la p\u00e1gina o sitio web de terceros no implica en ning\u00fan caso la existencia de relaciones entre INGECID y el propietario de la p\u00e1gina web en la que se establezca, ni la aceptaci\u00f3n y aprobaci\u00f3n por parte de INGECID de los contenidos o servicios del tercero.<\/p>\n<p>Por tanto, no se declarar\u00e1 ni se dar\u00e1 a entender que INGECID ha autorizado expresamente el hiperenlace ni que ha supervisado o asumido de cualquier forma los servicios ofrecidos o puestos a disposici\u00f3n en la p\u00e1gina web desde la que se establece el hiperenlace.<\/p>\n<p>INGECID no se hace responsable de la legalidad de dichos sitios web de terceros. INGECID no se responsabiliza en modo alguno ni garantiza la calidad, exactitud, fiabilidad, correcci\u00f3n o moralidad de contenidos o servicios que el establecimiento del hiperenlace pueda ofrecer. El usuario o la usuaria asumen bajo su exclusiva responsabilidad las consecuencias, da\u00f1os o acciones que pudieran derivarse del acceso a la p\u00e1gina web del hiperenlace.<\/p>\n<p>La p\u00e1gina web en la que se establezca el hiperenlace no podr\u00e1 contener ninguna marca, denominaci\u00f3n, logotipo, eslogan u otros signos distintivos pertenecientes a INGECID, excepto aquellos signos que formen parte del mismo hiperenlace.<\/p>\n<p>La p\u00e1gina web en la que se establezca el hiperenlace no contendr\u00e1 informaciones con contenidos il\u00edcitos, contrarios a la moral y a las buenas costumbres generalmente aceptadas, as\u00ed como tampoco contendr\u00e1 contenidos contrarios a cualesquiera derechos de terceros, de todo lo cual, en cualquier caso, INGECID no se hace responsable, puesto que no le alcanza el control de dichas p\u00e1ginas web de terceros.<\/p>\n<h2>Derechos de Propiedad Intelectual e Industrial<\/h2>\n<p>Tanto el dise\u00f1o del portal y sus c\u00f3digos fuente, como los logos, marcas y dem\u00e1s signos distintivos que aparecen en el mismo pertenecen a INGECID, a no ser que se indique una titularidad diferente, y est\u00e1n protegidos por los correspondientes derechos de propiedad intelectual e industrial. Esta protecci\u00f3n afecta igualmente a las im\u00e1genes contenidas en el mismo.<\/p>\n<p>Su uso, reproducci\u00f3n, distribuci\u00f3n, comunicaci\u00f3n p\u00fablica, transformaci\u00f3n o cualquier otra actividad similar o an\u00e1loga queda totalmente prohibida salvo que medie expresa autorizaci\u00f3n de INGECID o, en su caso, de los terceros titulares de los derechos. La licencia de uso de los elementos especificados en este apartado del portal, otorgada al usuario, se limita a la descarga por parte del usuario de dicho contenido y el uso privado del mismo, siempre que los citados contenidos permanezcan \u00edntegros.<\/p>\n<p>La utilizaci\u00f3n no autorizada de la informaci\u00f3n, contenidos, im\u00e1genes, marcas, dise\u00f1os y dem\u00e1s signos distintivos contenidos en este sitio web, as\u00ed como los perjuicios ocasionados por tal utilizaci\u00f3n y los causados en los derechos de propiedad intelectual e industrial, ser\u00e1 objeto del ejercicio de las acciones que legalmente correspondan y, en su caso, dar\u00e1 lugar a las responsabilidades que de ello se deriven.<\/p>\n<p>INGECID declara su respeto a los derechos de propiedad intelectual e industrial de terceros; por ello, si considera que este sitio pudiera estar vulnerando sus derechos, le agradeceremos que se ponga en contacto con nosotros a trav\u00e9s del correo <a href=\"mailto:lopd@ingecid.es\">lopd@ingecid.es<\/a>.<\/p>\n<p>INGECID proh\u00edbe expresamente la realizaci\u00f3n de \u00abframings\u00bb o la utilizaci\u00f3n por parte de terceros de cualesquiera otros mecanismos que alteren el dise\u00f1o, configuraci\u00f3n original o contenidos de su portal.<\/p>\n<\/div><\/div><\/div><\/div><\/div>\n","protected":false},"excerpt":{"rendered":"","protected":false},"author":2,"featured_media":0,"parent":0,"menu_order":0,"comment_status":"closed","ping_status":"open","template":"","meta":{"_acf_changed":false,"footnotes":""},"class_list":["post-3163","page","type-page","status-publish","hentry"],"acf":[],"yoast_head":"<!-- This site is optimized with the Yoast SEO plugin v27.3 - https:\/\/yoast.com\/product\/yoast-seo-wordpress\/ -->\n<title>Aviso Legal - Ingecid<\/title>\n<meta name=\"robots\" content=\"index, follow, max-snippet:-1, max-image-preview:large, max-video-preview:-1\" \/>\n<link rel=\"canonical\" href=\"https:\/\/ingecid.com\/es\/aviso-legal\/\" \/>\n<meta property=\"og:locale\" content=\"es_ES\" \/>\n<meta property=\"og:type\" content=\"article\" \/>\n<meta property=\"og:title\" content=\"Aviso Legal - Ingecid\" \/>\n<meta property=\"og:url\" content=\"https:\/\/ingecid.com\/es\/aviso-legal\/\" \/>\n<meta property=\"og:site_name\" content=\"Ingecid\" \/>\n<meta property=\"article:modified_time\" content=\"2025-06-25T06:50:53+00:00\" \/>\n<meta property=\"og:image\" content=\"https:\/\/ingecid.com\/wp-content\/uploads\/2025\/06\/bg-feauted-image-ingecid.jpg\" \/>\n\t<meta property=\"og:image:width\" content=\"1024\" \/>\n\t<meta property=\"og:image:height\" content=\"576\" \/>\n\t<meta property=\"og:image:type\" content=\"image\/jpeg\" \/>\n<meta name=\"twitter:card\" content=\"summary_large_image\" \/>\n<meta name=\"twitter:label1\" content=\"Tiempo de lectura\" \/>\n\t<meta name=\"twitter:data1\" content=\"5 minutos\" \/>\n<script type=\"application\/ld+json\" class=\"yoast-schema-graph\">{\"@context\":\"https:\\\/\\\/schema.org\",\"@graph\":[{\"@type\":\"WebPage\",\"@id\":\"https:\\\/\\\/ingecid.com\\\/aviso-legal\\\/\",\"url\":\"https:\\\/\\\/ingecid.com\\\/aviso-legal\\\/\",\"name\":\"Aviso Legal - Ingecid\",\"isPartOf\":{\"@id\":\"https:\\\/\\\/ingecid.com\\\/#website\"},\"datePublished\":\"2025-03-11T10:00:16+00:00\",\"dateModified\":\"2025-06-25T06:50:53+00:00\",\"breadcrumb\":{\"@id\":\"https:\\\/\\\/ingecid.com\\\/aviso-legal\\\/#breadcrumb\"},\"inLanguage\":\"es\",\"potentialAction\":[{\"@type\":\"ReadAction\",\"target\":[\"https:\\\/\\\/ingecid.com\\\/aviso-legal\\\/\"]}]},{\"@type\":\"BreadcrumbList\",\"@id\":\"https:\\\/\\\/ingecid.com\\\/aviso-legal\\\/#breadcrumb\",\"itemListElement\":[{\"@type\":\"ListItem\",\"position\":1,\"name\":\"Portada\",\"item\":\"https:\\\/\\\/ingecid.com\\\/\"},{\"@type\":\"ListItem\",\"position\":2,\"name\":\"Aviso Legal\"}]},{\"@type\":\"WebSite\",\"@id\":\"https:\\\/\\\/ingecid.com\\\/#website\",\"url\":\"https:\\\/\\\/ingecid.com\\\/\",\"name\":\"Ingecid\",\"description\":\"Ingenier&iacute;a y Transformaci&oacute;n Digital para Infraestructuras\",\"publisher\":{\"@id\":\"https:\\\/\\\/ingecid.com\\\/#organization\"},\"alternateName\":\"Ingecid\",\"potentialAction\":[{\"@type\":\"SearchAction\",\"target\":{\"@type\":\"EntryPoint\",\"urlTemplate\":\"https:\\\/\\\/ingecid.com\\\/?s={search_term_string}\"},\"query-input\":{\"@type\":\"PropertyValueSpecification\",\"valueRequired\":true,\"valueName\":\"search_term_string\"}}],\"inLanguage\":\"es\"},{\"@type\":\"Organization\",\"@id\":\"https:\\\/\\\/ingecid.com\\\/#organization\",\"name\":\"Ingecid\",\"alternateName\":\"Ingecid | Ingenier\u00eda y Transformaci\u00f3n Digital para Infraestructuras\",\"url\":\"https:\\\/\\\/ingecid.com\\\/\",\"logo\":{\"@type\":\"ImageObject\",\"inLanguage\":\"es\",\"@id\":\"https:\\\/\\\/ingecid.com\\\/#\\\/schema\\\/logo\\\/image\\\/\",\"url\":\"https:\\\/\\\/ingecid.com\\\/wp-content\\\/uploads\\\/2025\\\/02\\\/Isotipo_SVG_Azul_Amarillo.svg\",\"contentUrl\":\"https:\\\/\\\/ingecid.com\\\/wp-content\\\/uploads\\\/2025\\\/02\\\/Isotipo_SVG_Azul_Amarillo.svg\",\"width\":207,\"height\":317,\"caption\":\"Ingecid\"},\"image\":{\"@id\":\"https:\\\/\\\/ingecid.com\\\/#\\\/schema\\\/logo\\\/image\\\/\"},\"sameAs\":[\"https:\\\/\\\/es.linkedin.com\\\/company\\\/ingecid\",\"https:\\\/\\\/www.youtube.com\\\/channel\\\/UC15XZLCFUDWQ8XtRntNk8sQ\"]}]}<\/script>\n<!-- \/ Yoast SEO plugin. -->","yoast_head_json":{"title":"Aviso Legal - Ingecid","robots":{"index":"index","follow":"follow","max-snippet":"max-snippet:-1","max-image-preview":"max-image-preview:large","max-video-preview":"max-video-preview:-1"},"canonical":"https:\/\/ingecid.com\/es\/aviso-legal\/","og_locale":"es_ES","og_type":"article","og_title":"Aviso Legal - Ingecid","og_url":"https:\/\/ingecid.com\/es\/aviso-legal\/","og_site_name":"Ingecid","article_modified_time":"2025-06-25T06:50:53+00:00","og_image":[{"width":1024,"height":576,"url":"https:\/\/ingecid.com\/wp-content\/uploads\/2025\/06\/bg-feauted-image-ingecid.jpg","type":"image\/jpeg"}],"twitter_card":"summary_large_image","twitter_misc":{"Tiempo de lectura":"5 minutos"},"schema":{"@context":"https:\/\/schema.org","@graph":[{"@type":"WebPage","@id":"https:\/\/ingecid.com\/aviso-legal\/","url":"https:\/\/ingecid.com\/aviso-legal\/","name":"Aviso Legal - Ingecid","isPartOf":{"@id":"https:\/\/ingecid.com\/#website"},"datePublished":"2025-03-11T10:00:16+00:00","dateModified":"2025-06-25T06:50:53+00:00","breadcrumb":{"@id":"https:\/\/ingecid.com\/aviso-legal\/#breadcrumb"},"inLanguage":"es","potentialAction":[{"@type":"ReadAction","target":["https:\/\/ingecid.com\/aviso-legal\/"]}]},{"@type":"BreadcrumbList","@id":"https:\/\/ingecid.com\/aviso-legal\/#breadcrumb","itemListElement":[{"@type":"ListItem","position":1,"name":"Portada","item":"https:\/\/ingecid.com\/"},{"@type":"ListItem","position":2,"name":"Aviso Legal"}]},{"@type":"WebSite","@id":"https:\/\/ingecid.com\/#website","url":"https:\/\/ingecid.com\/","name":"Ingecid","description":"Ingenier&iacute;a y Transformaci&oacute;n Digital para Infraestructuras","publisher":{"@id":"https:\/\/ingecid.com\/#organization"},"alternateName":"Ingecid","potentialAction":[{"@type":"SearchAction","target":{"@type":"EntryPoint","urlTemplate":"https:\/\/ingecid.com\/?s={search_term_string}"},"query-input":{"@type":"PropertyValueSpecification","valueRequired":true,"valueName":"search_term_string"}}],"inLanguage":"es"},{"@type":"Organization","@id":"https:\/\/ingecid.com\/#organization","name":"Ingecid","alternateName":"Ingecid | Ingenier\u00eda y Transformaci\u00f3n Digital para Infraestructuras","url":"https:\/\/ingecid.com\/","logo":{"@type":"ImageObject","inLanguage":"es","@id":"https:\/\/ingecid.com\/#\/schema\/logo\/image\/","url":"https:\/\/ingecid.com\/wp-content\/uploads\/2025\/02\/Isotipo_SVG_Azul_Amarillo.svg","contentUrl":"https:\/\/ingecid.com\/wp-content\/uploads\/2025\/02\/Isotipo_SVG_Azul_Amarillo.svg","width":207,"height":317,"caption":"Ingecid"},"image":{"@id":"https:\/\/ingecid.com\/#\/schema\/logo\/image\/"},"sameAs":["https:\/\/es.linkedin.com\/company\/ingecid","https:\/\/www.youtube.com\/channel\/UC15XZLCFUDWQ8XtRntNk8sQ"]}]}},"_links":{"self":[{"href":"https:\/\/ingecid.com\/es\/wp-json\/wp\/v2\/pages\/3163","targetHints":{"allow":["GET"]}}],"collection":[{"href":"https:\/\/ingecid.com\/es\/wp-json\/wp\/v2\/pages"}],"about":[{"href":"https:\/\/ingecid.com\/es\/wp-json\/wp\/v2\/types\/page"}],"author":[{"embeddable":true,"href":"https:\/\/ingecid.com\/es\/wp-json\/wp\/v2\/users\/2"}],"replies":[{"embeddable":true,"href":"https:\/\/ingecid.com\/es\/wp-json\/wp\/v2\/comments?post=3163"}],"version-history":[{"count":7,"href":"https:\/\/ingecid.com\/es\/wp-json\/wp\/v2\/pages\/3163\/revisions"}],"predecessor-version":[{"id":6687,"href":"https:\/\/ingecid.com\/es\/wp-json\/wp\/v2\/pages\/3163\/revisions\/6687"}],"wp:attachment":[{"href":"https:\/\/ingecid.com\/es\/wp-json\/wp\/v2\/media?parent=3163"}],"curies":[{"name":"wp","href":"https:\/\/api.w.org\/{rel}","templated":true}]}}