{"id":3,"date":"2025-02-20T12:42:38","date_gmt":"2025-02-20T12:42:38","guid":{"rendered":"https:\/\/ingecid.com\/?page_id=3"},"modified":"2025-09-11T09:18:03","modified_gmt":"2025-09-11T09:18:03","slug":"politica-privacidad","status":"publish","type":"page","link":"https:\/\/ingecid.com\/es\/politica-privacidad\/","title":{"rendered":"Pol\u00edtica de Privacidad"},"content":{"rendered":"<div class=\"fusion-fullwidth fullwidth-box fusion-builder-row-1 fusion-flex-container nonhundred-percent-fullwidth non-hundred-percent-height-scrolling\" style=\"--awb-border-radius-top-left:0px;--awb-border-radius-top-right:0px;--awb-border-radius-bottom-right:0px;--awb-border-radius-bottom-left:0px;--awb-flex-wrap:wrap;\" ><div class=\"fusion-builder-row fusion-row fusion-flex-align-items-flex-start fusion-flex-content-wrap\" style=\"max-width:1456px;margin-left: calc(-4% \/ 2 );margin-right: calc(-4% \/ 2 );\"><div class=\"fusion-layout-column fusion_builder_column fusion-builder-column-0 fusion_builder_column_1_1 1_1 fusion-flex-column\" style=\"--awb-bg-size:cover;--awb-width-large:100%;--awb-margin-top-large:0px;--awb-spacing-right-large:1.92%;--awb-margin-bottom-large:0px;--awb-spacing-left-large:1.92%;--awb-width-medium:100%;--awb-spacing-right-medium:1.92%;--awb-spacing-left-medium:1.92%;--awb-width-small:100%;--awb-spacing-right-small:1.92%;--awb-spacing-left-small:1.92%;\"><div class=\"fusion-column-wrapper fusion-flex-justify-content-flex-start fusion-content-layout-column\"><div class=\"fusion-text fusion-text-1\"><h1>Pol\u00edtica de privacidad<\/h1>\n<div><\/div>\n<div><\/div>\n<div><\/div>\n<div><b>Informaci\u00f3n en cumplimiento de la normativa de protecci\u00f3n de datos personales<\/b><\/div>\n<p>INGECID, conforme a la legislaci\u00f3n vigente en materia de Protecci\u00f3n de Datos de Car\u00e1cter Personal, pone en conocimiento de los usuarios de la p\u00e1gina web <a href=\"https:\/\/www.ingecid.es\">www.ingecid.es <\/a>la Pol\u00edtica de Privacidad y Protecci\u00f3n de Datos que aplicar\u00e1 en el tratamiento de los datos personales que el Usuario facilite voluntariamente al acceder a su web.<\/p>\n<div><b>INFORMACI\u00d3N SOBRE PROTECCI\u00d3N DE DATOS DE CAR\u00c1CTER PERSONAL<\/b><\/div>\n<p>Responsable del tratamiento<\/p>\n<ul>\n<li aria-level=\"1\">Denominaci\u00f3n social: INGECID SL<\/li>\n<li aria-level=\"1\">NIF: B39701834<\/li>\n<li aria-level=\"1\">Direcci\u00f3n: Av. de los Castros 44, ETSI de Caminos, Canales y Puertos, CDTUC, Torre Anexa, Planta 3\u00aa | 39005 Santander (Espa\u00f1a)<\/li>\n<li aria-level=\"1\">Tel\u00e9fono: +34 942 39 67 51<\/li>\n<li aria-level=\"1\">Email: lopd@ingecid.es<\/li>\n<\/ul>\n<p>Estamos a su disposici\u00f3n, no dude en contactar con nosotros.<\/p>\n<div><b>\u00bfQu\u00e9 datos recogemos?<\/b><\/div>\n<p>Nuestra web no recoge datos personales de los usuarios. Solamente datos an\u00f3nimos de navegaci\u00f3n.<\/p>\n<p>Adicionalmente, recogeremos datos personales a trav\u00e9s de formularios de contacto enviados de forma voluntaria por aquellos usuarios que den su consentimiento expl\u00edcito en cada caso.<\/p>\n<div><b>\u00bfPara qu\u00e9 usamos los datos?<\/b><\/div>\n<p>Los datos de navegaci\u00f3n que recopilamos son completamente an\u00f3nimos y su uso est\u00e1 limitado a tomar decisiones de usabilidad y de estructura de la informaci\u00f3n.<\/p>\n<p>Con car\u00e1cter general, para atender tus solicitudes, comentarios, consultas o cualquier tipo de petici\u00f3n que realices como usuario a trav\u00e9s de cualquiera de las formas de contacto que ponemos a tu disposici\u00f3n.<\/p>\n<div><b>\u00bfQui\u00e9n va a conocer la informaci\u00f3n que recopilamos?<\/b><\/div>\n<p>Exclusivamente el personal de nuestra entidad que est\u00e9 debidamente autorizado podr\u00e1 tener conocimiento de la informaci\u00f3n derivada de su navegaci\u00f3n por la web.<\/p>\n<p>De igual modo, podr\u00e1n tener conocimiento de dicha informaci\u00f3n aquellas entidades que necesiten tener acceso a la misma para que podamos tomar decisiones sobre los cambios de estructura oportunos.<\/p>\n<div><b>\u00bfC\u00f3mo vamos a proteger sus datos?<\/b><\/div>\n<p>Protegeremos sus datos con medidas de seguridad eficaces en funci\u00f3n de los riesgos que conlleve el uso de la informaci\u00f3n.<\/p>\n<div><b>\u00bfEnviaremos sus datos a otros pa\u00edses?<\/b><\/div>\n<p>Nuestra pol\u00edtica es no enviar su informaci\u00f3n personal a ning\u00fan pa\u00eds que no sea seguro desde el punto de vista de la protecci\u00f3n de datos.<\/p>\n<div><b>\u00bfDurante cu\u00e1nto tiempo vamos a conservar sus datos?<\/b><\/div>\n<p>Los datos se conservar\u00e1n durante el tiempo necesario para poder realizar su an\u00e1lisis y la toma de decisiones.<\/p>\n<div><b>\u00bfCu\u00e1les son sus derechos de protecci\u00f3n de datos?<\/b><\/div>\n<p>En cualquier momento puede dirigirse a nosotros para saber qu\u00e9 informaci\u00f3n tenemos sobre usted, rectificarla si fuese incorrecta y eliminarla una vez finalizada nuestra relaci\u00f3n, en el caso de que ello sea legalmente posible.<\/p>\n<p>Tambi\u00e9n tiene derecho a solicitar el traspaso de su informaci\u00f3n a otra entidad. Este derecho se llama \u201cportabilidad\u201d y puede ser \u00fatil en determinadas situaciones.<\/p>\n<p>Para solicitar alguno de estos derechos, deber\u00e1 realizar una solicitud escrita a nuestra direcci\u00f3n, junto con una fotocopia de su DNI, para poder identificarle.<\/p>\n<p>En las oficinas de nuestra entidad disponemos de formularios espec\u00edficos para solicitar dichos derechos y le ofrecemos nuestra ayuda para su cumplimentaci\u00f3n.<\/p>\n<p>Para saber m\u00e1s sobre sus derechos de protecci\u00f3n de datos, puede consultar la\u00a0 p\u00e1gina web de la Agencia Espa\u00f1ola de Protecci\u00f3n de Datos (<a href=\"http:\/\/www.agpd.es\/\">www.agpd.es<\/a>).<\/p>\n<div><b>En caso de que entienda que sus derechos han sido desatendidos, \u00bfd\u00f3nde puede formular una reclamaci\u00f3n?<\/b><\/div>\n<p>En caso de que entienda que sus derechos han sido desatendidos por nuestra entidad, puede formular una reclamaci\u00f3n en la Agencia Espa\u00f1ola de Protecci\u00f3n de Datos, a trav\u00e9s de alguno de los medios siguientes:<\/p>\n<p>\u2013 Sede electr\u00f3nica: www.agpd.es<\/p>\n<p>\u2013 Direcci\u00f3n postal: Agencia Espa\u00f1ola de Protecci\u00f3n de Datos<\/p>\n<p>C\/ Jorge Juan, 6<\/p>\n<p>28001-Madrid<\/p>\n<p>\u2013 V\u00eda telef\u00f3nica: Telf. +34 901 100 099 Telf. +34 91 266 35 17<\/p>\n<p>Formular una reclamaci\u00f3n en la Agencia Espa\u00f1ola de Protecci\u00f3n de Datos no conlleva ning\u00fan coste y no es necesaria la asistencia de abogado ni procurador.<\/p>\n<div><b>\u00bfElaboraremos perfiles sobre usted?<\/b><\/div>\n<p>Nuestra pol\u00edtica es no elaborar perfiles sobre los usuarios de nuestros servicios.<\/p>\n<p>No obstante, pueden existir situaciones en las que, con fines de mejora de la navegaci\u00f3n necesitemos elaborar perfiles de informaci\u00f3n sobre los usuarios de la p\u00e1gina.<\/p>\n<div><b>\u00bfUsaremos sus datos para otros fines?<\/b><\/div>\n<p>Nuestra pol\u00edtica es no usar sus datos para otras finalidades distintas a las que le hemos explicado. Si, no obstante, necesit\u00e1ramos usar sus datos para actividades distintas, siempre le solicitaremos previamente su permiso a trav\u00e9s de opciones claras que le permitir\u00e1n decidir al respecto.<\/p>\n<\/div><\/div><\/div><\/div><\/div>\n","protected":false},"excerpt":{"rendered":"","protected":false},"author":2,"featured_media":0,"parent":0,"menu_order":0,"comment_status":"closed","ping_status":"open","template":"","meta":{"_acf_changed":false,"footnotes":""},"class_list":["post-3","page","type-page","status-publish","hentry"],"acf":[],"yoast_head":"<!-- This site is optimized with the Yoast SEO plugin v27.3 - https:\/\/yoast.com\/product\/yoast-seo-wordpress\/ -->\n<title>Pol\u00edtica de Privacidad - Ingecid<\/title>\n<meta name=\"robots\" content=\"index, follow, max-snippet:-1, max-image-preview:large, max-video-preview:-1\" \/>\n<link rel=\"canonical\" href=\"https:\/\/ingecid.com\/es\/politica-privacidad\/\" \/>\n<meta property=\"og:locale\" content=\"es_ES\" \/>\n<meta property=\"og:type\" content=\"article\" \/>\n<meta property=\"og:title\" content=\"Pol\u00edtica de Privacidad - Ingecid\" \/>\n<meta property=\"og:url\" content=\"https:\/\/ingecid.com\/es\/politica-privacidad\/\" \/>\n<meta property=\"og:site_name\" content=\"Ingecid\" \/>\n<meta property=\"article:modified_time\" content=\"2025-09-11T09:18:03+00:00\" \/>\n<meta property=\"og:image\" content=\"https:\/\/ingecid.com\/wp-content\/uploads\/2025\/06\/bg-feauted-image-ingecid.jpg\" \/>\n\t<meta property=\"og:image:width\" content=\"1024\" \/>\n\t<meta property=\"og:image:height\" content=\"576\" \/>\n\t<meta property=\"og:image:type\" content=\"image\/jpeg\" \/>\n<meta name=\"twitter:card\" content=\"summary_large_image\" \/>\n<meta name=\"twitter:label1\" content=\"Tiempo de lectura\" \/>\n\t<meta name=\"twitter:data1\" content=\"4 minutos\" \/>\n<script type=\"application\/ld+json\" class=\"yoast-schema-graph\">{\"@context\":\"https:\\\/\\\/schema.org\",\"@graph\":[{\"@type\":\"WebPage\",\"@id\":\"https:\\\/\\\/ingecid.com\\\/politica-privacidad\\\/\",\"url\":\"https:\\\/\\\/ingecid.com\\\/politica-privacidad\\\/\",\"name\":\"Pol\u00edtica de Privacidad - Ingecid\",\"isPartOf\":{\"@id\":\"https:\\\/\\\/ingecid.com\\\/#website\"},\"datePublished\":\"2025-02-20T12:42:38+00:00\",\"dateModified\":\"2025-09-11T09:18:03+00:00\",\"breadcrumb\":{\"@id\":\"https:\\\/\\\/ingecid.com\\\/politica-privacidad\\\/#breadcrumb\"},\"inLanguage\":\"es\",\"potentialAction\":[{\"@type\":\"ReadAction\",\"target\":[\"https:\\\/\\\/ingecid.com\\\/politica-privacidad\\\/\"]}]},{\"@type\":\"BreadcrumbList\",\"@id\":\"https:\\\/\\\/ingecid.com\\\/politica-privacidad\\\/#breadcrumb\",\"itemListElement\":[{\"@type\":\"ListItem\",\"position\":1,\"name\":\"Portada\",\"item\":\"https:\\\/\\\/ingecid.com\\\/\"},{\"@type\":\"ListItem\",\"position\":2,\"name\":\"Pol\u00edtica de Privacidad\"}]},{\"@type\":\"WebSite\",\"@id\":\"https:\\\/\\\/ingecid.com\\\/#website\",\"url\":\"https:\\\/\\\/ingecid.com\\\/\",\"name\":\"Ingecid\",\"description\":\"Ingenier&iacute;a y Transformaci&oacute;n Digital para Infraestructuras\",\"publisher\":{\"@id\":\"https:\\\/\\\/ingecid.com\\\/#organization\"},\"alternateName\":\"Ingecid\",\"potentialAction\":[{\"@type\":\"SearchAction\",\"target\":{\"@type\":\"EntryPoint\",\"urlTemplate\":\"https:\\\/\\\/ingecid.com\\\/?s={search_term_string}\"},\"query-input\":{\"@type\":\"PropertyValueSpecification\",\"valueRequired\":true,\"valueName\":\"search_term_string\"}}],\"inLanguage\":\"es\"},{\"@type\":\"Organization\",\"@id\":\"https:\\\/\\\/ingecid.com\\\/#organization\",\"name\":\"Ingecid\",\"alternateName\":\"Ingecid | Ingenier\u00eda y Transformaci\u00f3n Digital para Infraestructuras\",\"url\":\"https:\\\/\\\/ingecid.com\\\/\",\"logo\":{\"@type\":\"ImageObject\",\"inLanguage\":\"es\",\"@id\":\"https:\\\/\\\/ingecid.com\\\/#\\\/schema\\\/logo\\\/image\\\/\",\"url\":\"https:\\\/\\\/ingecid.com\\\/wp-content\\\/uploads\\\/2025\\\/02\\\/Isotipo_SVG_Azul_Amarillo.svg\",\"contentUrl\":\"https:\\\/\\\/ingecid.com\\\/wp-content\\\/uploads\\\/2025\\\/02\\\/Isotipo_SVG_Azul_Amarillo.svg\",\"width\":207,\"height\":317,\"caption\":\"Ingecid\"},\"image\":{\"@id\":\"https:\\\/\\\/ingecid.com\\\/#\\\/schema\\\/logo\\\/image\\\/\"},\"sameAs\":[\"https:\\\/\\\/es.linkedin.com\\\/company\\\/ingecid\",\"https:\\\/\\\/www.youtube.com\\\/channel\\\/UC15XZLCFUDWQ8XtRntNk8sQ\"]}]}<\/script>\n<!-- \/ Yoast SEO plugin. -->","yoast_head_json":{"title":"Pol\u00edtica de Privacidad - Ingecid","robots":{"index":"index","follow":"follow","max-snippet":"max-snippet:-1","max-image-preview":"max-image-preview:large","max-video-preview":"max-video-preview:-1"},"canonical":"https:\/\/ingecid.com\/es\/politica-privacidad\/","og_locale":"es_ES","og_type":"article","og_title":"Pol\u00edtica de Privacidad - Ingecid","og_url":"https:\/\/ingecid.com\/es\/politica-privacidad\/","og_site_name":"Ingecid","article_modified_time":"2025-09-11T09:18:03+00:00","og_image":[{"width":1024,"height":576,"url":"https:\/\/ingecid.com\/wp-content\/uploads\/2025\/06\/bg-feauted-image-ingecid.jpg","type":"image\/jpeg"}],"twitter_card":"summary_large_image","twitter_misc":{"Tiempo de lectura":"4 minutos"},"schema":{"@context":"https:\/\/schema.org","@graph":[{"@type":"WebPage","@id":"https:\/\/ingecid.com\/politica-privacidad\/","url":"https:\/\/ingecid.com\/politica-privacidad\/","name":"Pol\u00edtica de Privacidad - Ingecid","isPartOf":{"@id":"https:\/\/ingecid.com\/#website"},"datePublished":"2025-02-20T12:42:38+00:00","dateModified":"2025-09-11T09:18:03+00:00","breadcrumb":{"@id":"https:\/\/ingecid.com\/politica-privacidad\/#breadcrumb"},"inLanguage":"es","potentialAction":[{"@type":"ReadAction","target":["https:\/\/ingecid.com\/politica-privacidad\/"]}]},{"@type":"BreadcrumbList","@id":"https:\/\/ingecid.com\/politica-privacidad\/#breadcrumb","itemListElement":[{"@type":"ListItem","position":1,"name":"Portada","item":"https:\/\/ingecid.com\/"},{"@type":"ListItem","position":2,"name":"Pol\u00edtica de Privacidad"}]},{"@type":"WebSite","@id":"https:\/\/ingecid.com\/#website","url":"https:\/\/ingecid.com\/","name":"Ingecid","description":"Ingenier&iacute;a y Transformaci&oacute;n Digital para Infraestructuras","publisher":{"@id":"https:\/\/ingecid.com\/#organization"},"alternateName":"Ingecid","potentialAction":[{"@type":"SearchAction","target":{"@type":"EntryPoint","urlTemplate":"https:\/\/ingecid.com\/?s={search_term_string}"},"query-input":{"@type":"PropertyValueSpecification","valueRequired":true,"valueName":"search_term_string"}}],"inLanguage":"es"},{"@type":"Organization","@id":"https:\/\/ingecid.com\/#organization","name":"Ingecid","alternateName":"Ingecid | Ingenier\u00eda y Transformaci\u00f3n Digital para Infraestructuras","url":"https:\/\/ingecid.com\/","logo":{"@type":"ImageObject","inLanguage":"es","@id":"https:\/\/ingecid.com\/#\/schema\/logo\/image\/","url":"https:\/\/ingecid.com\/wp-content\/uploads\/2025\/02\/Isotipo_SVG_Azul_Amarillo.svg","contentUrl":"https:\/\/ingecid.com\/wp-content\/uploads\/2025\/02\/Isotipo_SVG_Azul_Amarillo.svg","width":207,"height":317,"caption":"Ingecid"},"image":{"@id":"https:\/\/ingecid.com\/#\/schema\/logo\/image\/"},"sameAs":["https:\/\/es.linkedin.com\/company\/ingecid","https:\/\/www.youtube.com\/channel\/UC15XZLCFUDWQ8XtRntNk8sQ"]}]}},"_links":{"self":[{"href":"https:\/\/ingecid.com\/es\/wp-json\/wp\/v2\/pages\/3","targetHints":{"allow":["GET"]}}],"collection":[{"href":"https:\/\/ingecid.com\/es\/wp-json\/wp\/v2\/pages"}],"about":[{"href":"https:\/\/ingecid.com\/es\/wp-json\/wp\/v2\/types\/page"}],"author":[{"embeddable":true,"href":"https:\/\/ingecid.com\/es\/wp-json\/wp\/v2\/users\/2"}],"replies":[{"embeddable":true,"href":"https:\/\/ingecid.com\/es\/wp-json\/wp\/v2\/comments?post=3"}],"version-history":[{"count":6,"href":"https:\/\/ingecid.com\/es\/wp-json\/wp\/v2\/pages\/3\/revisions"}],"predecessor-version":[{"id":7194,"href":"https:\/\/ingecid.com\/es\/wp-json\/wp\/v2\/pages\/3\/revisions\/7194"}],"wp:attachment":[{"href":"https:\/\/ingecid.com\/es\/wp-json\/wp\/v2\/media?parent=3"}],"curies":[{"name":"wp","href":"https:\/\/api.w.org\/{rel}","templated":true}]}}